{"id":229573,"date":"2022-12-19T10:33:39","date_gmt":"2022-12-19T10:33:39","guid":{"rendered":"https:\/\/ultratrail.si\/su-di-noi\/"},"modified":"2024-03-14T14:43:52","modified_gmt":"2024-03-14T14:43:52","slug":"chi-siamo","status":"publish","type":"page","link":"https:\/\/ultratrail.si\/it\/chi-siamo\/","title":{"rendered":"CHI SIAMO"},"content":{"rendered":"<p>[et_pb_section fb_built=&#8221;1&#8243; admin_label=&#8221;Header&#8221; _builder_version=&#8221;4.16&#8243; use_background_color_gradient=&#8221;on&#8221; background_color_gradient_direction=&#8221;90deg&#8221; background_color_gradient_stops=&#8221;#242e42 0%|rgba(36,46,66,0.8) 61%&#8221; background_color_gradient_overlays_image=&#8221;on&#8221; background_color_gradient_start=&#8221;#242e42&#8243; background_color_gradient_end=&#8221;rgba(36,46,66,0.8)&#8221; background_color_gradient_end_position=&#8221;61%&#8221; background_image=&#8221;https:\/\/ultratrail.si\/wp-content\/uploads\/2019\/10\/UTVV-Nanos-8982.jpg&#8221; background_position=&#8221;bottom_center&#8221; custom_padding=&#8221;||0px|||&#8221; locked=&#8221;off&#8221; global_colors_info=&#8221;{}&#8221;][et_pb_row _builder_version=&#8221;4.16&#8243; width=&#8221;100%&#8221; max_width=&#8221;none&#8221; custom_padding=&#8221;0px||230px|||&#8221; global_colors_info=&#8221;{}&#8221;][et_pb_column type=&#8221;4_4&#8243; _builder_version=&#8221;4.16&#8243; custom_padding=&#8221;|||&#8221; global_colors_info=&#8221;{}&#8221; custom_padding__hover=&#8221;|||&#8221;][et_pb_text _builder_version=&#8221;4.19.5&#8243; _module_preset=&#8221;default&#8221; text_font=&#8221;|800|||||||&#8221; text_text_color=&#8221;#ffffff&#8221; text_font_size=&#8221;65px&#8221; text_letter_spacing=&#8221;5px&#8221; text_orientation=&#8221;center&#8221; text_line_height_tablet=&#8221;&#8221; text_line_height_phone=&#8221;1.8em&#8221; text_line_height_last_edited=&#8221;on|phone&#8221; global_colors_info=&#8221;{}&#8221;]<\/p>\n<p><span style=\"font-weight: 400;\">LA NOSTRA STORIA<\/span><\/p>\n<p>[\/et_pb_text][et_pb_divider color=&#8221;#aacc57&#8243; divider_weight=&#8221;5px&#8221; _builder_version=&#8221;4.19.5&#8243; width=&#8221;5%&#8221; module_alignment=&#8221;center&#8221; custom_margin=&#8221;22px||||false|false&#8221; global_colors_info=&#8221;{}&#8221;][\/et_pb_divider][\/et_pb_column][\/et_pb_row][\/et_pb_section][et_pb_section fb_built=&#8221;1&#8243; _builder_version=&#8221;4.19.5&#8243; custom_margin=&#8221;||||false|false&#8221; custom_padding=&#8221;||0px||false|false&#8221; locked=&#8221;off&#8221; global_colors_info=&#8221;{}&#8221;][et_pb_row _builder_version=&#8221;4.19.5&#8243; _module_preset=&#8221;default&#8221; width_last_edited=&#8221;off|desktop&#8221; custom_margin=&#8221;||0px||false|false&#8221; custom_padding=&#8221;||0px||false|false&#8221; locked=&#8221;off&#8221; global_colors_info=&#8221;{}&#8221;][et_pb_column type=&#8221;4_4&#8243; _builder_version=&#8221;4.19.5&#8243; _module_preset=&#8221;default&#8221; global_colors_info=&#8221;{}&#8221;][et_pb_text _builder_version=&#8221;4.19.5&#8243; _module_preset=&#8221;default&#8221; text_text_color=&#8221;#1c455e&#8221; header_text_color=&#8221;RGBA(255,255,255,0)&#8221; header_2_text_color=&#8221;#1c455e&#8221; header_3_text_color=&#8221;#1c455e&#8221; text_orientation=&#8221;center&#8221; custom_margin=&#8221;0px||0px||false|false&#8221; custom_padding=&#8221;0px||0px||false|false&#8221; global_colors_info=&#8221;{}&#8221;]<\/p>\n<h3><strong>LA NOSTRA STORIA<\/strong><\/h3>\n<p>[\/et_pb_text][et_pb_divider color=&#8221;#1c455e&#8221; divider_weight=&#8221;4px&#8221; _builder_version=&#8221;4.19.5&#8243; _module_preset=&#8221;default&#8221; width=&#8221;100px&#8221; module_alignment=&#8221;center&#8221; custom_margin=&#8221;0px||20px||false|false&#8221; custom_padding=&#8221;0px||0px||false|false&#8221; border_color_all=&#8221;RGBA(255,255,255,0)&#8221; global_colors_info=&#8221;{}&#8221;][\/et_pb_divider][et_pb_code _builder_version=&#8221;4.19.5&#8243; _module_preset=&#8221;default&#8221; custom_margin=&#8221;0px||0px||false|false&#8221; custom_padding=&#8221;0px||0px||false|false&#8221; global_colors_info=&#8221;{}&#8221;]<pee><video autoplay=\"autoplay\" loop=\"loop\" muted=\"\" controls=\"controls\" width=\"100%\" height=\"150\"><!-- [et_pb_line_break_holder] --><source src=\"\/wp-content\/uploads\/2023\/02\/UTVV_4.4_Final_PLAIN.mp4\" type=\"video\/mp4\" \/><!-- [et_pb_line_break_holder] --><!-- [et_pb_line_break_holder] --><\/video><\/pee>[\/et_pb_code][\/et_pb_column][\/et_pb_row][\/et_pb_section][et_pb_section fb_built=&#8221;1&#8243; _builder_version=&#8221;4.21.2&#8243; background_color=&#8221;#1c455e&#8221; custom_margin=&#8221;||||false|false&#8221; custom_padding=&#8221;||0px||false|false&#8221; hover_enabled=&#8221;0&#8243; global_colors_info=&#8221;{}&#8221; sticky_enabled=&#8221;0&#8243;][et_pb_row _builder_version=&#8221;4.19.5&#8243; _module_preset=&#8221;default&#8221; background_color=&#8221;RGBA(255,255,255,0)&#8221; custom_margin=&#8221;0px||||false|false&#8221; custom_padding=&#8221;10px|10px|10px|10px|false|false&#8221; locked=&#8221;off&#8221; global_colors_info=&#8221;{}&#8221;][et_pb_column type=&#8221;4_4&#8243; _builder_version=&#8221;4.19.5&#8243; _module_preset=&#8221;default&#8221; background_color=&#8221;#000000&#8243; global_colors_info=&#8221;{}&#8221;][et_pb_text _builder_version=&#8221;4.19.5&#8243; text_text_color=&#8221;#FFFFFF&#8221; text_font_size=&#8221;20px&#8221; text_line_height=&#8221;1.8em&#8221; background_color=&#8221;#1c455e&#8221; custom_padding=&#8221;||||true|true&#8221; global_colors_info=&#8221;{}&#8221;]<\/p>\n<p>&nbsp;<\/p>\n<p style=\"text-align: center;\"><span style=\"font-weight: 400;\">Sfidare le nostre menti, i nostri corpi e i nostri spiriti significa spingere i nostri limiti di ci\u00f2 che possiamo ottenere come individui.<\/span><\/p>\n<p style=\"text-align: center;\"><span style=\"font-weight: 400;\">Un impegno per una gara di ultra-maratona significa un impegno per passare al livello successivo. Il prossimo livello di resilienza e avventura.<\/span><\/p>\n<p style=\"text-align: center;\"><span style=\"font-weight: 400;\">Per passare al livello successivo, ci richiede di superare una serie di livelli di sfide sempre pi\u00f9 difficili. Il pi\u00f9 grande \u00e8 il compiacimento che ci impedisce di esplorare nuovi percorsi, vivere nuove avventure e, cosa pi\u00f9 importante, ci deruba del nostro potenziale umano.<\/span><\/p>\n<p style=\"text-align: center;\"><b>Nell\u2019 UTVV vogliamo sfidare i tuoi limiti in modo che tu possa esplorare il tuo potenziale.<\/b><\/p>\n<p style=\"text-align: center;\"><span style=\"font-weight: 400;\">Per noi il miracolo non \u00e8 il traguardo, \u00e8 la linea di partenza. \u00c8 il coraggio di iniziare un viaggio verso l&#8217;ignoto.<\/span><\/p>\n<p style=\"text-align: center;\"><span style=\"font-weight: 400;\">La nostra squadra dedicata, i nostri cordiali volontari, la nostra comunit\u00e0 compassionevole e la nostra ricca storia della Valle del Vipacco in Slovenia \u00e8 ci\u00f2 che rende la nostra gara incomparabile.<\/span><\/p>\n<p style=\"text-align: center;\"><span style=\"font-weight: 400;\">Vogliamo sfidarti a diventare pi\u00f9 grande della corsa.<\/span><\/p>\n<p style=\"text-align: center;\"><b>Vogliamo sfidarti a superare i tuoi limiti.<\/b><\/p>\n<p style=\"text-align: center;\"><span style=\"font-weight: 400;\">Trova il guerriero dentro di te per affrontare questa avventura e vivere una vita pi\u00f9 appagante e avventurosa.<\/span><\/p>\n<p style=\"text-align: center;\"><span style=\"font-weight: 400;\">Puoi riscrivere il tuo futuro decidendo di sfidare te stesso oggi.<\/span><\/p>\n<p style=\"text-align: center;\"><b>CHALLENGE YOURSELF<\/b><\/p>\n<p style=\"text-align: center;\"><b>UTVV<\/b><\/p>\n<p>[\/et_pb_text][\/et_pb_column][\/et_pb_row][\/et_pb_section]<\/p>\n","protected":false},"excerpt":{"rendered":"<p>LA NOSTRA STORIALA NOSTRA STORIA&nbsp; Sfidare le nostre menti, i nostri corpi e i nostri spiriti significa spingere i nostri limiti di ci\u00f2 che possiamo ottenere come individui. Un impegno per una gara di ultra-maratona significa un impegno per passare al livello successivo. Il prossimo livello di resilienza e avventura. Per passare al livello successivo, [&hellip;]<\/p>\n","protected":false},"author":5,"featured_media":0,"parent":0,"menu_order":0,"comment_status":"closed","ping_status":"closed","template":"","meta":{"_et_pb_use_builder":"on","_et_pb_old_content":"","_et_gb_content_width":"","inline_featured_image":false},"acf":[],"yoast_head":"<!-- This site is optimized with the Yoast SEO plugin v20.12 - https:\/\/yoast.com\/wordpress\/plugins\/seo\/ -->\n<title>CHI SIAMO - Ultra Trail Vipava Valley - Slovenia<\/title>\n<meta name=\"robots\" content=\"index, follow, max-snippet:-1, max-image-preview:large, max-video-preview:-1\" \/>\n<link rel=\"canonical\" href=\"https:\/\/ultratrail.si\/it\/chi-siamo\/\" \/>\n<meta property=\"og:locale\" content=\"it_IT\" \/>\n<meta property=\"og:type\" content=\"article\" \/>\n<meta property=\"og:title\" content=\"CHI SIAMO - Ultra Trail Vipava Valley - Slovenia\" \/>\n<meta property=\"og:description\" content=\"LA NOSTRA STORIALA NOSTRA STORIA&nbsp; Sfidare le nostre menti, i nostri corpi e i nostri spiriti significa spingere i nostri limiti di ci\u00f2 che possiamo ottenere come individui. Un impegno per una gara di ultra-maratona significa un impegno per passare al livello successivo. Il prossimo livello di resilienza e avventura. Per passare al livello successivo, [&hellip;]\" \/>\n<meta property=\"og:url\" content=\"https:\/\/ultratrail.si\/it\/chi-siamo\/\" \/>\n<meta property=\"og:site_name\" content=\"Ultra Trail Vipava Valley - Slovenia\" \/>\n<meta property=\"article:modified_time\" content=\"2024-03-14T14:43:52+00:00\" \/>\n<meta name=\"twitter:card\" content=\"summary_large_image\" \/>\n<meta name=\"twitter:label1\" content=\"Tempo di lettura stimato\" \/>\n\t<meta name=\"twitter:data1\" content=\"3 minuti\" \/>\n<script type=\"application\/ld+json\" class=\"yoast-schema-graph\">{\"@context\":\"https:\/\/schema.org\",\"@graph\":[{\"@type\":\"WebPage\",\"@id\":\"https:\/\/ultratrail.si\/it\/chi-siamo\/\",\"url\":\"https:\/\/ultratrail.si\/it\/chi-siamo\/\",\"name\":\"CHI SIAMO - Ultra Trail Vipava Valley - Slovenia\",\"isPartOf\":{\"@id\":\"https:\/\/ultratrail.si\/it\/#website\"},\"datePublished\":\"2022-12-19T10:33:39+00:00\",\"dateModified\":\"2024-03-14T14:43:52+00:00\",\"breadcrumb\":{\"@id\":\"https:\/\/ultratrail.si\/it\/chi-siamo\/#breadcrumb\"},\"inLanguage\":\"it-IT\",\"potentialAction\":[{\"@type\":\"ReadAction\",\"target\":[\"https:\/\/ultratrail.si\/it\/chi-siamo\/\"]}]},{\"@type\":\"BreadcrumbList\",\"@id\":\"https:\/\/ultratrail.si\/it\/chi-siamo\/#breadcrumb\",\"itemListElement\":[{\"@type\":\"ListItem\",\"position\":1,\"name\":\"Home\",\"item\":\"https:\/\/ultratrail.si\/it\/\"},{\"@type\":\"ListItem\",\"position\":2,\"name\":\"CHI SIAMO\"}]},{\"@type\":\"WebSite\",\"@id\":\"https:\/\/ultratrail.si\/it\/#website\",\"url\":\"https:\/\/ultratrail.si\/it\/\",\"name\":\"Ultra Trail Vipava Valley - Slovenia\",\"description\":\"Ultra Trail Vipava Valley\",\"potentialAction\":[{\"@type\":\"SearchAction\",\"target\":{\"@type\":\"EntryPoint\",\"urlTemplate\":\"https:\/\/ultratrail.si\/it\/?s={search_term_string}\"},\"query-input\":\"required name=search_term_string\"}],\"inLanguage\":\"it-IT\"}]}<\/script>\n<!-- \/ Yoast SEO plugin. -->","yoast_head_json":{"title":"CHI SIAMO - Ultra Trail Vipava Valley - Slovenia","robots":{"index":"index","follow":"follow","max-snippet":"max-snippet:-1","max-image-preview":"max-image-preview:large","max-video-preview":"max-video-preview:-1"},"canonical":"https:\/\/ultratrail.si\/it\/chi-siamo\/","og_locale":"it_IT","og_type":"article","og_title":"CHI SIAMO - Ultra Trail Vipava Valley - Slovenia","og_description":"LA NOSTRA STORIALA NOSTRA STORIA&nbsp; Sfidare le nostre menti, i nostri corpi e i nostri spiriti significa spingere i nostri limiti di ci\u00f2 che possiamo ottenere come individui. Un impegno per una gara di ultra-maratona significa un impegno per passare al livello successivo. Il prossimo livello di resilienza e avventura. Per passare al livello successivo, [&hellip;]","og_url":"https:\/\/ultratrail.si\/it\/chi-siamo\/","og_site_name":"Ultra Trail Vipava Valley - Slovenia","article_modified_time":"2024-03-14T14:43:52+00:00","twitter_card":"summary_large_image","twitter_misc":{"Tempo di lettura stimato":"3 minuti"},"schema":{"@context":"https:\/\/schema.org","@graph":[{"@type":"WebPage","@id":"https:\/\/ultratrail.si\/it\/chi-siamo\/","url":"https:\/\/ultratrail.si\/it\/chi-siamo\/","name":"CHI SIAMO - Ultra Trail Vipava Valley - Slovenia","isPartOf":{"@id":"https:\/\/ultratrail.si\/it\/#website"},"datePublished":"2022-12-19T10:33:39+00:00","dateModified":"2024-03-14T14:43:52+00:00","breadcrumb":{"@id":"https:\/\/ultratrail.si\/it\/chi-siamo\/#breadcrumb"},"inLanguage":"it-IT","potentialAction":[{"@type":"ReadAction","target":["https:\/\/ultratrail.si\/it\/chi-siamo\/"]}]},{"@type":"BreadcrumbList","@id":"https:\/\/ultratrail.si\/it\/chi-siamo\/#breadcrumb","itemListElement":[{"@type":"ListItem","position":1,"name":"Home","item":"https:\/\/ultratrail.si\/it\/"},{"@type":"ListItem","position":2,"name":"CHI SIAMO"}]},{"@type":"WebSite","@id":"https:\/\/ultratrail.si\/it\/#website","url":"https:\/\/ultratrail.si\/it\/","name":"Ultra Trail Vipava Valley - Slovenia","description":"Ultra Trail Vipava Valley","potentialAction":[{"@type":"SearchAction","target":{"@type":"EntryPoint","urlTemplate":"https:\/\/ultratrail.si\/it\/?s={search_term_string}"},"query-input":"required name=search_term_string"}],"inLanguage":"it-IT"}]}},"_links":{"self":[{"href":"https:\/\/ultratrail.si\/it\/wp-json\/wp\/v2\/pages\/229573"}],"collection":[{"href":"https:\/\/ultratrail.si\/it\/wp-json\/wp\/v2\/pages"}],"about":[{"href":"https:\/\/ultratrail.si\/it\/wp-json\/wp\/v2\/types\/page"}],"author":[{"embeddable":true,"href":"https:\/\/ultratrail.si\/it\/wp-json\/wp\/v2\/users\/5"}],"replies":[{"embeddable":true,"href":"https:\/\/ultratrail.si\/it\/wp-json\/wp\/v2\/comments?post=229573"}],"version-history":[{"count":12,"href":"https:\/\/ultratrail.si\/it\/wp-json\/wp\/v2\/pages\/229573\/revisions"}],"predecessor-version":[{"id":236057,"href":"https:\/\/ultratrail.si\/it\/wp-json\/wp\/v2\/pages\/229573\/revisions\/236057"}],"wp:attachment":[{"href":"https:\/\/ultratrail.si\/it\/wp-json\/wp\/v2\/media?parent=229573"}],"curies":[{"name":"wp","href":"https:\/\/api.w.org\/{rel}","templated":true}]}}