{"id":242026,"date":"2024-10-25T11:31:24","date_gmt":"2024-10-25T11:31:24","guid":{"rendered":"https:\/\/ultratrail.si\/eventi\/"},"modified":"2024-10-25T12:10:52","modified_gmt":"2024-10-25T12:10:52","slug":"eventi","status":"publish","type":"page","link":"https:\/\/ultratrail.si\/it\/eventi\/","title":{"rendered":"Eventi"},"content":{"rendered":"<p>[et_pb_section fb_built=&#8221;1&#8243; admin_label=&#8221;Header&#8221; _builder_version=&#8221;4.20.2&#8243; use_background_color_gradient=&#8221;on&#8221; background_color_gradient_direction=&#8221;90deg&#8221; background_color_gradient_stops=&#8221;#242e42 0%|rgba(36,46,66,0.8) 61%&#8221; background_color_gradient_overlays_image=&#8221;on&#8221; background_color_gradient_start=&#8221;#242e42&#8243; background_color_gradient_end=&#8221;rgba(36,46,66,0.8)&#8221; background_color_gradient_end_position=&#8221;61%&#8221; background_image=&#8221;https:\/\/ultratrail.si\/wp-content\/uploads\/2023\/03\/cover-8.jpg&#8221; height=&#8221;60vh&#8221; custom_padding=&#8221;||0px|||&#8221; custom_css_main_element=&#8221;display: flex;&#8221; locked=&#8221;off&#8221; global_colors_info=&#8221;{}&#8221;][et_pb_row _builder_version=&#8221;4.20.0&#8243; width=&#8221;100%&#8221; max_width=&#8221;none&#8221; custom_padding=&#8221;||||false|false&#8221; locked=&#8221;off&#8221; global_colors_info=&#8221;{}&#8221;][et_pb_column type=&#8221;4_4&#8243; _builder_version=&#8221;4.16&#8243; custom_padding=&#8221;|||&#8221; global_colors_info=&#8221;{}&#8221; custom_padding__hover=&#8221;|||&#8221;][et_pb_text _builder_version=&#8221;4.21.2&#8243; text_font_size=&#8221;18px&#8221; header_font=&#8221;|700|||||||&#8221; header_text_align=&#8221;center&#8221; header_text_color=&#8221;#ffffff&#8221; header_font_size=&#8221;55px&#8221; header_letter_spacing=&#8221;3px&#8221; header_2_font=&#8221;|800|||||||&#8221; custom_margin=&#8221;||0px||false|false&#8221; animation_style=&#8221;slide&#8221; animation_direction=&#8221;top&#8221; global_colors_info=&#8221;{}&#8221;]<\/p>\n<h1><b>EVENTI<br \/><\/b><\/h1>\n<p>[\/et_pb_text][et_pb_divider color=&#8221;#aacc57&#8243; divider_weight=&#8221;5px&#8221; _builder_version=&#8221;4.20.2&#8243; width=&#8221;5%&#8221; module_alignment=&#8221;center&#8221; custom_margin=&#8221;22px||||false|false&#8221; animation_style=&#8221;slide&#8221; animation_direction=&#8221;bottom&#8221; global_colors_info=&#8221;{}&#8221;][\/et_pb_divider][\/et_pb_column][\/et_pb_row][\/et_pb_section][et_pb_section fb_built=&#8221;1&#8243; disabled_on=&#8221;off|off|off&#8221; _builder_version=&#8221;4.21.2&#8243; _module_preset=&#8221;default&#8221; global_colors_info=&#8221;{}&#8221;][et_pb_row _builder_version=&#8221;4.20.2&#8243; _module_preset=&#8221;default&#8221; locked=&#8221;off&#8221; global_colors_info=&#8221;{}&#8221;][et_pb_column type=&#8221;4_4&#8243; _builder_version=&#8221;4.20.2&#8243; _module_preset=&#8221;default&#8221; global_colors_info=&#8221;{}&#8221;][et_pb_icon font_icon=&#8221;&#xf073;||fa||900&#8243; icon_color=&#8221;#1C455E&#8221; icon_width=&#8221;40px&#8221; _builder_version=&#8221;4.21.2&#8243; _module_preset=&#8221;default&#8221; global_colors_info=&#8221;{}&#8221;][\/et_pb_icon][et_pb_text _builder_version=&#8221;4.21.2&#8243; _module_preset=&#8221;default&#8221; header_4_text_color=&#8221;#1c455e&#8221; global_colors_info=&#8221;{}&#8221;]<\/p>\n<h4 style=\"text-align: center;\">UPCOMING<\/h4>\n<p>[\/et_pb_text][\/et_pb_column][\/et_pb_row][et_pb_row disabled_on=&#8221;on|on|on&#8221; _builder_version=&#8221;4.27.0&#8243; _module_preset=&#8221;default&#8221; disabled=&#8221;on&#8221; global_colors_info=&#8221;{}&#8221;][et_pb_column type=&#8221;4_4&#8243; _builder_version=&#8221;4.21.2&#8243; _module_preset=&#8221;default&#8221; global_colors_info=&#8221;{}&#8221;][et_pb_code disabled_on=&#8221;off|off|off&#8221; _builder_version=&#8221;4.27.0&#8243; _module_preset=&#8221;default&#8221; global_colors_info=&#8221;{}&#8221;]<!-- Include: AddEvent theme css --><!-- [et_pb_line_break_holder] --><!-- [et_pb_line_break_holder] --><!-- [et_pb_line_break_holder] --><!-- Include: AddEvent JS file --><!-- [et_pb_line_break_holder] -->\n<pee><script type=\"text\/javascript\" src=\"https:\/\/cdn.addevent.com\/libs\/atc\/1.6.1\/atc.min.js\"><\/script><\/pee>\n<!-- [et_pb_line_break_holder] --><!-- [et_pb_line_break_holder] --><\/p>\n<div class=\"event\"><!-- [et_pb_line_break_holder] --><\/p>\n<div class=\"event-image\">\u00a0<\/div>\n<p><!-- [et_pb_line_break_holder] --><\/p>\n<div class=\"event-content\"><!-- [et_pb_line_break_holder] --><\/p>\n<div class=\"event-content-title\"><!-- [et_pb_line_break_holder] --><\/p>\n<h5><!-- [et_pb_line_break_holder] --> TESTNA TURA 123<!-- [et_pb_line_break_holder] --><\/h5>\n<p><!-- [et_pb_line_break_holder] --><\/div>\n<p><!-- [et_pb_line_break_holder] --><\/p>\n<div class=\"event-content-date\"><!-- [et_pb_line_break_holder] --> <span class=\"icon date\">19.09.2024<\/span><!-- [et_pb_line_break_holder] --> <span class=\"icon location\">Lavri\u010dev trg, Ajdov\u0161\u010dina<\/span><!-- [et_pb_line_break_holder] --><\/div>\n<p><!-- [et_pb_line_break_holder] --><\/p>\n<div class=\"event-content-description\"><!-- [et_pb_line_break_holder] -->\n<pee><!-- [et_pb_line_break_holder] --> Pripravljalna tura bo obsegala bla blqoiwdjqoiwdjoiqwdqwjd dqoiwjdoiqwjdqw doiqwoiqwdqwd oidiqwjoidqw dqwjoiqwddwq dqwdwdqw dqwoijdqwj jdoiqwd <!-- [et_pb_line_break_holder] --><\/pee>\n<!-- [et_pb_line_break_holder] --><\/div>\n<p><!-- [et_pb_line_break_holder] --><\/p>\n<div class=\"event-content-action\"><!-- [et_pb_line_break_holder] --> <a href=\"#\">FIND OUT MORE<\/a><!-- [et_pb_line_break_holder] --><\/div>\n<p><!-- [et_pb_line_break_holder] --><\/div>\n<p><!-- [et_pb_line_break_holder] --><\/div>\n<p>[\/et_pb_code][\/et_pb_column][\/et_pb_row][et_pb_row _builder_version=&#8221;4.27.0&#8243; _module_preset=&#8221;default&#8221; global_colors_info=&#8221;{}&#8221;][et_pb_column type=&#8221;4_4&#8243; _builder_version=&#8221;4.27.0&#8243; _module_preset=&#8221;default&#8221; global_colors_info=&#8221;{}&#8221;]<\/p>\n<p>[et_pb_db_php_code code=&#8221;\/\/ Retrieve all events from 3 days ago $current_date = date(&#8216;Y-m-d&#8217;, strtotime(&#8216;-3 days&#8217;)); $args = array( &#8216;post_type&#8217; =&gt; &#8216;event&#8217;, &#8216;posts_per_page&#8217; =&gt; -1, \/\/ Retrieve all events &#8216;meta_query&#8217; =&gt; array( array( &#8216;key&#8217; =&gt; &#8216;date_and_time&#8217;, &#8216;value&#8217; =&gt; $current_date, &#8216;compare&#8217; =&gt; &#8216;&gt;=&#8217;, &#8216;type&#8217; =&gt; &#8216;DATE&#8217; ) ), &#8216;orderby&#8217; =&gt; &#8216;meta_value&#8217;, &#8216;meta_key&#8217; =&gt; &#8216;date_and_time&#8217;, &#8216;order&#8217; =&gt; &#8216;ASC&#8217;, ); \/\/ Querying the posts $query = new WP_Query($args); if ($query-&gt;have_posts()) { ?&gt; &lt;div class=%22list%22&gt; &lt;?php while ($query-&gt;have_posts()) { $query-&gt;the_post(); $shortDesc = get_the_excerpt(); if (strlen($shortDesc) &gt; 160) { $shortDesc = substr($shortDesc, 0, 160) . &#8216;&#8230;&#8217;; } ?&gt; &lt;div class=%22event%22&gt; &lt;div class=%22event-image%22 style=%22background: url(&lt;?php echo esc_url(get_the_post_thumbnail_url(get_the_ID(), &#8216;large&#8217;)); ?&gt;)%22&gt;&lt;\/div&gt; &lt;div class=%22event-content%22&gt; &lt;div class=%22event-content-title%22&gt; &lt;h5&gt; &lt;?php the_title(); ?&gt; &lt;\/h5&gt; &lt;\/div&gt; &lt;div class=%22event-content-date%22&gt; &lt;span class=%22icon date%22&gt;&lt;?php echo get_field(&#8216;date_and_time&#8217;); ?&gt;&lt;\/span&gt; &lt;span class=%22icon location%22&gt;&lt;?php echo get_field(&#8216;location&#8217;); ?&gt;&lt;\/span&gt; &lt;\/div&gt; &lt;div class=%22event-content-description%22&gt; &lt;p&gt; &lt;?php echo $shortDesc; ?&gt; &lt;\/p&gt; &lt;\/div&gt; &lt;div class=%22event-content-action%22&gt; &lt;a href=%22&lt;?php echo esc_url(get_permalink()); ?&gt;%22&gt;FIND OUT MORE&lt;\/a&gt; &lt;\/div&gt; &lt;\/div&gt; &lt;\/div&gt; &lt;?php } \/\/ Restore original post data wp_reset_postdata(); } ?&gt; &lt;\/div&gt; &#8221; code_to_render=&#8221;\/* nonce:ignored *\/ \/\/ Retrieve all events from 3 days ago $current_date = date(&#8216;Y-m-d&#8217;, strtotime(&#8216;-3 days&#8217;)); $args = array( &#8216;post_type&#8217; =&gt; &#8216;event&#8217;, &#8216;posts_per_page&#8217; =&gt; -1, \/\/ Retrieve all events &#8216;meta_query&#8217; =&gt; array( array( &#8216;key&#8217; =&gt; &#8216;date_and_time&#8217;, &#8216;value&#8217; =&gt; $current_date, &#8216;compare&#8217; =&gt; &#8216;&gt;=&#8217;, &#8216;type&#8217; =&gt; &#8216;DATE&#8217; ) ), &#8216;orderby&#8217; =&gt; &#8216;meta_value&#8217;, &#8216;meta_key&#8217; =&gt; &#8216;date_and_time&#8217;, &#8216;order&#8217; =&gt; &#8216;ASC&#8217;, ); \/\/ Querying the posts $query = new WP_Query($args); if ($query-&gt;have_posts()) { ?&gt; &lt;div class=%22list%22&gt; &lt;?php while ($query-&gt;have_posts()) { $query-&gt;the_post(); $shortDesc = get_the_excerpt(); if (strlen($shortDesc) &gt; 160) { $shortDesc = substr($shortDesc, 0, 160) . &#8216;&#8230;&#8217;; } ?&gt; &lt;div class=%22event%22&gt; &lt;div class=%22event-image%22 style=%22background: url(&lt;?php echo esc_url(get_the_post_thumbnail_url(get_the_ID(), &#8216;large&#8217;)); ?&gt;)%22&gt;&lt;\/div&gt; &lt;div class=%22event-content%22&gt; &lt;div class=%22event-content-title%22&gt; &lt;h5&gt; &lt;?php the_title(); ?&gt; &lt;\/h5&gt; &lt;\/div&gt; &lt;div class=%22event-content-date%22&gt; &lt;span class=%22icon date%22&gt;&lt;?php echo get_field(&#8216;date_and_time&#8217;); ?&gt;&lt;\/span&gt; &lt;span class=%22icon location%22&gt;&lt;?php echo get_field(&#8216;location&#8217;); ?&gt;&lt;\/span&gt; &lt;\/div&gt; &lt;div class=%22event-content-description%22&gt; &lt;p&gt; &lt;?php echo $shortDesc; ?&gt; &lt;\/p&gt; &lt;\/div&gt; &lt;div class=%22event-content-action%22&gt; &lt;a href=%22&lt;?php echo esc_url(get_permalink()); ?&gt;%22&gt;FIND OUT MORE&lt;\/a&gt; &lt;\/div&gt; &lt;\/div&gt; &lt;\/div&gt; &lt;?php } \/\/ Restore original post data wp_reset_postdata(); } ?&gt; &lt;\/div&gt; &#8221; code_base64=&#8221;Ly8gUmV0cmlldmUgYWxsIGV2ZW50cyBmcm9tIDMgZGF5cyBhZ28KJGN1cnJlbnRfZGF0ZSA9IGRhdGUoJ1ktbS1kJywgc3RydG90aW1lKCctMyBkYXlzJykpOwoKJGFyZ3MgPSBhcnJheSgKICAgICdwb3N0X3R5cGUnICAgICAgPT4gJ2V2ZW50JywKICAgICdwb3N0c19wZXJfcGFnZScgPT4gLTEsIC8vIFJldHJpZXZlIGFsbCBldmVudHMKICAgICdtZXRhX3F1ZXJ5JyAgICAgPT4gYXJyYXkoCiAgICAgICAgYXJyYXkoCiAgICAgICAgICAgICdrZXknICAgICA9PiAnZGF0ZV9hbmRfdGltZScsCiAgICAgICAgICAgICd2YWx1ZScgICA9PiAkY3VycmVudF9kYXRlLAogICAgICAgICAgICAnY29tcGFyZScgPT4gJz49JywKICAgICAgICAgICAgJ3R5cGUnICAgID0+ICdEQVRFJwogICAgICAgICkKICAgICksCiAgICAnb3JkZXJieScgICAgICAgID0+ICdtZXRhX3ZhbHVlJywKICAgICdtZXRhX2tleScgICAgICAgPT4gJ2RhdGVfYW5kX3RpbWUnLAogICAgJ29yZGVyJyAgICAgICAgICA9PiAnQVNDJywKKTsKCi8vIFF1ZXJ5aW5nIHRoZSBwb3N0cwokcXVlcnkgPSBuZXcgV1BfUXVlcnkoJGFyZ3MpOwoKaWYgKCRxdWVyeS0+aGF2ZV9wb3N0cygpKSB7Cj8+CjxkaXYgY2xhc3M9Imxpc3QiPgo8P3BocAogICAgd2hpbGUgKCRxdWVyeS0+aGF2ZV9wb3N0cygpKSB7CiAgICAgICAgJHF1ZXJ5LT50aGVfcG9zdCgpOwoJCQkJJHNob3J0RGVzYyA9IGdldF90aGVfZXhjZXJwdCgpOwoJCQkJCiAgICAgICAgaWYgKHN0cmxlbigkc2hvcnREZXNjKSA+IDE2MCkgewogICAgICAgICAgICAkc2hvcnREZXNjID0gc3Vic3RyKCRzaG9ydERlc2MsIDAsIDE2MCkgLiAnLi4uJzsKICAgICAgICB9CgogICAgICAgID8+Cgo8ZGl2IGNsYXNzPSJldmVudCI+CiAgPGRpdiBjbGFzcz0iZXZlbnQtaW1hZ2UiIHN0eWxlPSJiYWNrZ3JvdW5kOiB1cmwoPD9waHAgZWNobyBlc2NfdXJsKGdldF90aGVfcG9zdF90aHVtYm5haWxfdXJsKGdldF90aGVfSUQoKSwgJ2xhcmdlJykpOyAgPz4pIj48L2Rpdj4KICA8ZGl2IGNsYXNzPSJldmVudC1jb250ZW50Ij4KICAgIDxkaXYgY2xhc3M9ImV2ZW50LWNvbnRlbnQtdGl0bGUiPgogICAgICAgIDxoNT4KICAgICAgICA8P3BocCB0aGVfdGl0bGUoKTsgPz4KICAgICAgPC9oNT4KICAgIDwvZGl2PgogICAgPGRpdiBjbGFzcz0iZXZlbnQtY29udGVudC1kYXRlIj4KICAgICAgICA8c3BhbiBjbGFzcz0iaWNvbiBkYXRlIj48P3BocCBlY2hvIGdldF9maWVsZCgnZGF0ZV9hbmRfdGltZScpOyA\/Pjwvc3Bhbj4KICAgICAgPHNwYW4gY2xhc3M9Imljb24gbG9jYXRpb24iPjw\/cGhwIGVjaG8gZ2V0X2ZpZWxkKCdsb2NhdGlvbicpOyA\/Pjwvc3Bhbj4KICAgIDwvZGl2PgogICAgPGRpdiBjbGFzcz0iZXZlbnQtY29udGVudC1kZXNjcmlwdGlvbiI+CiAgICAgIDxwPgogICAgICAgIDw\/cGhwIGVjaG8gJHNob3J0RGVzYzsgPz4KICAgICAgPC9wPgogICAgPC9kaXY+CiAgICA8ZGl2IGNsYXNzPSJldmVudC1jb250ZW50LWFjdGlvbiI+CiAgICAgICAgPGEgaHJlZj0iPD9waHAgZWNobyBlc2NfdXJsKGdldF9wZXJtYWxpbmsoKSk7ID8+Ij5GSU5EIE9VVCBNT1JFPC9hPgogICAgPC9kaXY+CiAgPC9kaXY+CjwvZGl2PiAgCiAgCiAgICAgICAgPD9waHAKICAgIH0KICAgIC8vIFJlc3RvcmUgb3JpZ2luYWwgcG9zdCBkYXRhCiAgICB3cF9yZXNldF9wb3N0ZGF0YSgpOwp9Cj8+CjwvZGl2PgogIAoK&#8221; code_hash=&#8221;a7e133930c126f0d50cc40694ae93636eb00bcef83ffb58136c05bbed1ac2133&#8243; debug=&#8221;on&#8221; _builder_version=&#8221;4.27.0&#8243; _module_preset=&#8221;default&#8221; global_colors_info=&#8221;{}&#8221;][\/et_pb_db_php_code]<\/p>\n<p>[\/et_pb_column][\/et_pb_row][\/et_pb_section]<\/p>\n","protected":false},"excerpt":{"rendered":"<p>EVENTIUPCOMING<\/p>\n","protected":false},"author":1,"featured_media":0,"parent":0,"menu_order":0,"comment_status":"closed","ping_status":"closed","template":"","meta":{"_et_pb_use_builder":"on","_et_pb_old_content":"","_et_gb_content_width":"","inline_featured_image":false},"acf":[],"yoast_head":"<!-- This site is optimized with the Yoast SEO plugin v20.12 - https:\/\/yoast.com\/wordpress\/plugins\/seo\/ -->\n<title>Eventi - Ultra Trail Vipava Valley - Slovenia<\/title>\n<meta name=\"robots\" content=\"index, follow, max-snippet:-1, max-image-preview:large, max-video-preview:-1\" \/>\n<link rel=\"canonical\" href=\"https:\/\/ultratrail.si\/it\/eventi\/\" \/>\n<meta property=\"og:locale\" content=\"it_IT\" \/>\n<meta property=\"og:type\" content=\"article\" \/>\n<meta property=\"og:title\" content=\"Eventi - Ultra Trail Vipava Valley - Slovenia\" \/>\n<meta property=\"og:description\" content=\"EVENTIUPCOMING\" \/>\n<meta property=\"og:url\" content=\"https:\/\/ultratrail.si\/it\/eventi\/\" \/>\n<meta property=\"og:site_name\" content=\"Ultra Trail Vipava Valley - Slovenia\" \/>\n<meta property=\"article:modified_time\" content=\"2024-10-25T12:10:52+00:00\" \/>\n<meta name=\"twitter:card\" content=\"summary_large_image\" \/>\n<meta name=\"twitter:label1\" content=\"Tempo di lettura stimato\" \/>\n\t<meta name=\"twitter:data1\" content=\"6 minuti\" \/>\n<script type=\"application\/ld+json\" class=\"yoast-schema-graph\">{\"@context\":\"https:\/\/schema.org\",\"@graph\":[{\"@type\":\"WebPage\",\"@id\":\"https:\/\/ultratrail.si\/it\/eventi\/\",\"url\":\"https:\/\/ultratrail.si\/it\/eventi\/\",\"name\":\"Eventi - Ultra Trail Vipava Valley - Slovenia\",\"isPartOf\":{\"@id\":\"https:\/\/ultratrail.si\/it\/#website\"},\"datePublished\":\"2024-10-25T11:31:24+00:00\",\"dateModified\":\"2024-10-25T12:10:52+00:00\",\"breadcrumb\":{\"@id\":\"https:\/\/ultratrail.si\/it\/eventi\/#breadcrumb\"},\"inLanguage\":\"it-IT\",\"potentialAction\":[{\"@type\":\"ReadAction\",\"target\":[\"https:\/\/ultratrail.si\/it\/eventi\/\"]}]},{\"@type\":\"BreadcrumbList\",\"@id\":\"https:\/\/ultratrail.si\/it\/eventi\/#breadcrumb\",\"itemListElement\":[{\"@type\":\"ListItem\",\"position\":1,\"name\":\"Home\",\"item\":\"https:\/\/ultratrail.si\/it\/\"},{\"@type\":\"ListItem\",\"position\":2,\"name\":\"Eventi\"}]},{\"@type\":\"WebSite\",\"@id\":\"https:\/\/ultratrail.si\/it\/#website\",\"url\":\"https:\/\/ultratrail.si\/it\/\",\"name\":\"Ultra Trail Vipava Valley - Slovenia\",\"description\":\"Ultra Trail Vipava Valley\",\"potentialAction\":[{\"@type\":\"SearchAction\",\"target\":{\"@type\":\"EntryPoint\",\"urlTemplate\":\"https:\/\/ultratrail.si\/it\/?s={search_term_string}\"},\"query-input\":\"required name=search_term_string\"}],\"inLanguage\":\"it-IT\"}]}<\/script>\n<!-- \/ Yoast SEO plugin. -->","yoast_head_json":{"title":"Eventi - Ultra Trail Vipava Valley - Slovenia","robots":{"index":"index","follow":"follow","max-snippet":"max-snippet:-1","max-image-preview":"max-image-preview:large","max-video-preview":"max-video-preview:-1"},"canonical":"https:\/\/ultratrail.si\/it\/eventi\/","og_locale":"it_IT","og_type":"article","og_title":"Eventi - Ultra Trail Vipava Valley - Slovenia","og_description":"EVENTIUPCOMING","og_url":"https:\/\/ultratrail.si\/it\/eventi\/","og_site_name":"Ultra Trail Vipava Valley - Slovenia","article_modified_time":"2024-10-25T12:10:52+00:00","twitter_card":"summary_large_image","twitter_misc":{"Tempo di lettura stimato":"6 minuti"},"schema":{"@context":"https:\/\/schema.org","@graph":[{"@type":"WebPage","@id":"https:\/\/ultratrail.si\/it\/eventi\/","url":"https:\/\/ultratrail.si\/it\/eventi\/","name":"Eventi - Ultra Trail Vipava Valley - Slovenia","isPartOf":{"@id":"https:\/\/ultratrail.si\/it\/#website"},"datePublished":"2024-10-25T11:31:24+00:00","dateModified":"2024-10-25T12:10:52+00:00","breadcrumb":{"@id":"https:\/\/ultratrail.si\/it\/eventi\/#breadcrumb"},"inLanguage":"it-IT","potentialAction":[{"@type":"ReadAction","target":["https:\/\/ultratrail.si\/it\/eventi\/"]}]},{"@type":"BreadcrumbList","@id":"https:\/\/ultratrail.si\/it\/eventi\/#breadcrumb","itemListElement":[{"@type":"ListItem","position":1,"name":"Home","item":"https:\/\/ultratrail.si\/it\/"},{"@type":"ListItem","position":2,"name":"Eventi"}]},{"@type":"WebSite","@id":"https:\/\/ultratrail.si\/it\/#website","url":"https:\/\/ultratrail.si\/it\/","name":"Ultra Trail Vipava Valley - Slovenia","description":"Ultra Trail Vipava Valley","potentialAction":[{"@type":"SearchAction","target":{"@type":"EntryPoint","urlTemplate":"https:\/\/ultratrail.si\/it\/?s={search_term_string}"},"query-input":"required name=search_term_string"}],"inLanguage":"it-IT"}]}},"_links":{"self":[{"href":"https:\/\/ultratrail.si\/it\/wp-json\/wp\/v2\/pages\/242026"}],"collection":[{"href":"https:\/\/ultratrail.si\/it\/wp-json\/wp\/v2\/pages"}],"about":[{"href":"https:\/\/ultratrail.si\/it\/wp-json\/wp\/v2\/types\/page"}],"author":[{"embeddable":true,"href":"https:\/\/ultratrail.si\/it\/wp-json\/wp\/v2\/users\/1"}],"replies":[{"embeddable":true,"href":"https:\/\/ultratrail.si\/it\/wp-json\/wp\/v2\/comments?post=242026"}],"version-history":[{"count":25,"href":"https:\/\/ultratrail.si\/it\/wp-json\/wp\/v2\/pages\/242026\/revisions"}],"predecessor-version":[{"id":242059,"href":"https:\/\/ultratrail.si\/it\/wp-json\/wp\/v2\/pages\/242026\/revisions\/242059"}],"wp:attachment":[{"href":"https:\/\/ultratrail.si\/it\/wp-json\/wp\/v2\/media?parent=242026"}],"curies":[{"name":"wp","href":"https:\/\/api.w.org\/{rel}","templated":true}]}}