{"id":244751,"date":"2025-12-04T09:03:11","date_gmt":"2025-12-04T09:03:11","guid":{"rendered":"https:\/\/ultratrail.si\/politika-piskotkov\/"},"modified":"2025-12-17T08:37:52","modified_gmt":"2025-12-17T08:37:52","slug":"politika-piskotkov","status":"publish","type":"page","link":"https:\/\/ultratrail.si\/sl\/politika-piskotkov\/","title":{"rendered":"Politika pi\u0161kotkov"},"content":{"rendered":"<p>[et_pb_section fb_built=&#8221;1&#8243; admin_label=&#8221;Header&#8221; _builder_version=&#8221;4.20.2&#8243; use_background_color_gradient=&#8221;on&#8221; background_color_gradient_direction=&#8221;90deg&#8221; background_color_gradient_stops=&#8221;#242e42 0%|rgba(36,46,66,0.8) 61%&#8221; background_color_gradient_overlays_image=&#8221;on&#8221; background_color_gradient_start=&#8221;#242e42&#8243; background_color_gradient_end=&#8221;rgba(36,46,66,0.8)&#8221; background_color_gradient_end_position=&#8221;61%&#8221; background_image=&#8221;https:\/\/ultratrail.si\/wp-content\/uploads\/2023\/03\/emperor-6.jpg&#8221; height=&#8221;60vh&#8221; custom_padding=&#8221;||0px|||&#8221; locked=&#8221;off&#8221; global_colors_info=&#8221;{}&#8221;][et_pb_row _builder_version=&#8221;4.20.0&#8243; width=&#8221;100%&#8221; max_width=&#8221;none&#8221; custom_padding=&#8221;||||false|false&#8221; locked=&#8221;off&#8221; global_colors_info=&#8221;{}&#8221;][et_pb_column type=&#8221;4_4&#8243; _builder_version=&#8221;4.16&#8243; custom_padding=&#8221;|||&#8221; global_colors_info=&#8221;{}&#8221; custom_padding__hover=&#8221;|||&#8221;][et_pb_text _builder_version=&#8221;4.27.0&#8243; text_font_size=&#8221;18px&#8221; header_font=&#8221;|700|||||||&#8221; header_text_align=&#8221;center&#8221; header_text_color=&#8221;#ffffff&#8221; header_font_size=&#8221;55px&#8221; header_letter_spacing=&#8221;3px&#8221; header_2_font=&#8221;|800|||||||&#8221; custom_margin=&#8221;||0px||false|false&#8221; animation_style=&#8221;slide&#8221; animation_direction=&#8221;top&#8221; global_colors_info=&#8221;{}&#8221;]<\/p>\n<h1><b>POLITIKA PI\u0160KOTKOV<\/b><\/h1>\n<p>[\/et_pb_text][et_pb_divider color=&#8221;#aacc57&#8243; divider_weight=&#8221;5px&#8221; _builder_version=&#8221;4.20.2&#8243; width=&#8221;5%&#8221; module_alignment=&#8221;center&#8221; custom_margin=&#8221;22px||||false|false&#8221; animation_style=&#8221;slide&#8221; animation_direction=&#8221;bottom&#8221; global_colors_info=&#8221;{}&#8221;][\/et_pb_divider][\/et_pb_column][\/et_pb_row][\/et_pb_section][et_pb_section fb_built=&#8221;1&#8243; _builder_version=&#8221;4.27.0&#8243; _module_preset=&#8221;default&#8221; custom_padding=&#8221;||||false|false&#8221; locked=&#8221;off&#8221; global_colors_info=&#8221;{}&#8221;][et_pb_row _builder_version=&#8221;4.27.0&#8243; custom_margin=&#8221;40px||40px||false|false&#8221; custom_padding=&#8221;||||false|false&#8221; global_colors_info=&#8221;{}&#8221;][et_pb_column type=&#8221;4_4&#8243; _builder_version=&#8221;4.16&#8243; global_colors_info=&#8221;{}&#8221;][et_pb_heading title=&#8221;1. Kaj so pi\u0161kotki?&#8221; _builder_version=&#8221;4.27.0&#8243; _module_preset=&#8221;default&#8221; title_level=&#8221;h4&#8243; title_font=&#8221;|||on|||||&#8221; title_text_color=&#8221;#1C455E&#8221; hover_enabled=&#8221;0&#8243; global_colors_info=&#8221;{}&#8221; sticky_enabled=&#8221;0&#8243;][\/et_pb_heading][et_pb_text _builder_version=&#8221;4.27.0&#8243; text_font=&#8221;Montserrat||||||||&#8221; text_text_color=&#8221;#1c455e&#8221; hover_enabled=&#8221;0&#8243; global_colors_info=&#8221;{}&#8221; sticky_enabled=&#8221;0&#8243;]<\/p>\n<p>Pi\u0161kotki so majhne datoteke, ki jih spletne strani shranijo na va\u0161o napravo (ra\u010dunalnik, tablico ali telefon) ob obisku spletnega mesta. Omogo\u010dajo, da spletna stran prepozna va\u0161o napravo in si zapomni dolo\u010dene informacije, kot so jezikovne nastavitve ali ogledane vsebine.<\/p>\n<p>Pi\u0161kotke in podobne tehnologije uporabljamo v skladu z <b>Splo\u0161no uredbo o varstvu podatkov (GDPR)<\/b>, <b>Zakonom o elektronskih komunikacijah (ZEKom-2)<\/b> ter drugo veljavno zakonodajo EU in Republike Slovenije.<\/p>\n<p>[\/et_pb_text][\/et_pb_column][\/et_pb_row][et_pb_row _builder_version=&#8221;4.27.0&#8243; custom_margin=&#8221;40px||40px||false|false&#8221; custom_padding=&#8221;||||false|false&#8221; global_colors_info=&#8221;{}&#8221;][et_pb_column type=&#8221;4_4&#8243; _builder_version=&#8221;4.16&#8243; global_colors_info=&#8221;{}&#8221;][et_pb_heading title=&#8221;2. Kdo upravlja s podatki?&#8221; _builder_version=&#8221;4.27.0&#8243; _module_preset=&#8221;default&#8221; title_level=&#8221;h4&#8243; title_font=&#8221;|||on|||||&#8221; title_text_color=&#8221;#1C455E&#8221; hover_enabled=&#8221;0&#8243; global_colors_info=&#8221;{}&#8221; sticky_enabled=&#8221;0&#8243;][\/et_pb_heading][et_pb_text _builder_version=&#8221;4.27.0&#8243; text_font=&#8221;Montserrat||||||||&#8221; text_text_color=&#8221;#1c455e&#8221; hover_enabled=&#8221;0&#8243; global_colors_info=&#8221;{}&#8221; sticky_enabled=&#8221;0&#8243;]<\/p>\n<p>Upravljavca pi\u0161kotkov, ki se uporabljajo na<a href=\"http:\/\/www.ultratrail.si\"> <b>www.ultratrail.si<\/b><\/a>, sta:<\/p>\n<p><b>Alpe Adria Adventurers d.o.o.<\/b> In <b>\u0160portno dru\u0161tvo Ultra Trail Slovenia <\/b>(v nadaljevanju skupaj: <b>UTVV I Feel Slovenia<\/b>)<\/p>\n<p><b>E-po\u0161ta:<\/b> info@ultratrail.si<\/p>\n<p>[\/et_pb_text][\/et_pb_column][\/et_pb_row][et_pb_row _builder_version=&#8221;4.27.0&#8243; custom_margin=&#8221;40px||40px||false|false&#8221; custom_padding=&#8221;||||false|false&#8221; global_colors_info=&#8221;{}&#8221;][et_pb_column type=&#8221;4_4&#8243; _builder_version=&#8221;4.16&#8243; global_colors_info=&#8221;{}&#8221;][et_pb_heading title=&#8221;3. Vrste pi\u0161kotkov, ki jih uporabljamo&#8221; _builder_version=&#8221;4.27.0&#8243; _module_preset=&#8221;default&#8221; title_level=&#8221;h4&#8243; title_font=&#8221;|||on|||||&#8221; title_text_color=&#8221;#1C455E&#8221; global_colors_info=&#8221;{}&#8221;][\/et_pb_heading][et_pb_text _builder_version=&#8221;4.27.0&#8243; text_font=&#8221;Montserrat||||||||&#8221; text_text_color=&#8221;#1c455e&#8221; hover_enabled=&#8221;0&#8243; global_colors_info=&#8221;{}&#8221; sticky_enabled=&#8221;0&#8243;]<\/p>\n<p>Pi\u0161kotke razvr\u0161\u010damo v naslednje kategorije:<\/p>\n<p><b>(a) Nujno potrebni pi\u0161kotki<\/b><\/p>\n<p>Ti pi\u0161kotki so klju\u010dni za osnovno delovanje in varnost spletne strani. Omogo\u010dajo na primer:<br \/>\u2013 nalaganje in prikazovanje vsebin,<br \/>\u2013 shranjevanje va\u0161ih nastavitev glede pi\u0161kotkov,<br \/>\u2013 za\u0161\u010dito spletne strani pred zlorabami.<\/p>\n<p>Ti pi\u0161kotki se namestijo samodejno in ne zahtevajo va\u0161e privolitve.<\/p>\n<p><b>(b) Analiti\u010dni in izvedbeni pi\u0161kotki<\/b><\/p>\n<p>Ti pi\u0161kotki nam pomagajo razumeti, kako obiskovalci uporabljajo na\u0161e spletno mesto \u2014 katere strani obi\u0161\u010dejo, kako se premikajo po spleti\u0161\u010du in koliko \u010dasa se zadr\u017eijo na posameznih straneh. Podatki so zdru\u017eeni in se uporabljajo za izbolj\u0161anje vsebin ter uporabni\u0161ke izku\u0161nje.<\/p>\n<p>Primeri: pi\u0161kotki orodij za spletno analitiko (npr. Google Analytics ali podobni, \u010de so omogo\u010deni).<\/p>\n<p>Ti pi\u0161kotki se namestijo le na podlagi va\u0161e predhodne privolitve prek pasice s pi\u0161kotki.<\/p>\n<p><b>(c) Marketin\u0161ki in dru\u017eabni pi\u0161kotki<br \/><\/b><\/p>\n<p>Ti pi\u0161kotki se lahko uporabljajo za:<br \/>\u2013 prikazovanje prilagojenih vsebin ali oglasov glede na va\u0161e interese,<br \/>\u2013 merjenje uspe\u0161nosti ogla\u0161evalskih kampanj,<br \/>\u2013 omogo\u010danje integracije z dru\u017ebenimi omre\u017eji (npr. gumbi za deljenje, vdelane objave ali videi).<\/p>\n<p>Nekatere od teh pi\u0161kotkov lahko nastavijo na\u0161i partnerji (platforme dru\u017ebenih omre\u017eij, ogla\u0161evalska omre\u017eja ipd.).<br \/>Uporabljajo se izklju\u010dno na podlagi va\u0161e privolitve.<\/p>\n<p>&nbsp;<\/p>\n<p>[\/et_pb_text][\/et_pb_column][\/et_pb_row][et_pb_row _builder_version=&#8221;4.27.0&#8243; custom_margin=&#8221;40px||40px||false|false&#8221; custom_padding=&#8221;||||false|false&#8221; global_colors_info=&#8221;{}&#8221;][et_pb_column type=&#8221;4_4&#8243; _builder_version=&#8221;4.16&#8243; global_colors_info=&#8221;{}&#8221;][et_pb_heading title=&#8221;4. Pravna podlaga za uporabo pi\u0161kotkov&#8221; _builder_version=&#8221;4.27.0&#8243; _module_preset=&#8221;default&#8221; title_level=&#8221;h4&#8243; title_font=&#8221;|||on|||||&#8221; title_text_color=&#8221;#1C455E&#8221; hover_enabled=&#8221;0&#8243; global_colors_info=&#8221;{}&#8221; sticky_enabled=&#8221;0&#8243;][\/et_pb_heading][et_pb_text _builder_version=&#8221;4.27.0&#8243; text_font=&#8221;Montserrat||||||||&#8221; text_text_color=&#8221;#1c455e&#8221; hover_enabled=&#8221;0&#8243; global_colors_info=&#8221;{}&#8221; sticky_enabled=&#8221;0&#8243;]<\/p>\n<p>\u2013 Nujno potrebni pi\u0161kotki se uporabljajo na podlagi na\u0161ega <b>zakonitega interesa<\/b>, da zagotovimo varno in delujo\u010do spletno stran.<br \/>\u2013 Analiti\u010dni, marketin\u0161ki in dru\u017eabni pi\u0161kotki pa se uporabljajo <b>le z va\u0161o privolitvijo<\/b> (opt-in), ki jo podate prek pasice ali nastavitev pi\u0161kotkov.<\/p>\n<p>Svojo privolitev lahko kadar koli prekli\u010dete v <b>Nastavitvah pi\u0161kotkov<\/b> ali v nastavitvah svojega brskalnika. Preklic ne vpliva na zakonitost obdelave, ki je bila izvedena pred preklicem.<\/p>\n<p>[\/et_pb_text][\/et_pb_column][\/et_pb_row][et_pb_row _builder_version=&#8221;4.27.0&#8243; custom_margin=&#8221;40px||40px||false|false&#8221; custom_padding=&#8221;||||false|false&#8221; global_colors_info=&#8221;{}&#8221;][et_pb_column type=&#8221;4_4&#8243; _builder_version=&#8221;4.16&#8243; global_colors_info=&#8221;{}&#8221;][et_pb_heading title=&#8221;5. Upravljanje pi\u0161kotkov&#8221; _builder_version=&#8221;4.27.0&#8243; _module_preset=&#8221;default&#8221; title_level=&#8221;h4&#8243; title_font=&#8221;|||on|||||&#8221; title_text_color=&#8221;#1C455E&#8221; hover_enabled=&#8221;0&#8243; global_colors_info=&#8221;{}&#8221; sticky_enabled=&#8221;0&#8243;][\/et_pb_heading][et_pb_text _builder_version=&#8221;4.27.0&#8243; text_font=&#8221;Montserrat||||||||&#8221; text_text_color=&#8221;#1c455e&#8221; hover_enabled=&#8221;0&#8243; global_colors_info=&#8221;{}&#8221; sticky_enabled=&#8221;0&#8243;]<\/p>\n<p><b>(a) Prek pasice s pi\u0161kotki<br \/><\/b><\/p>\n<p>Ob prvem obisku spletne strani se prika\u017ee pasica, kjer lahko:<br \/>\u2013 sprejmete vse pi\u0161kotke,<br \/>\u2013 zavrnete vse ne-nujne pi\u0161kotke,<br \/>\u2013 prilagodite svoje nastavitve po kategorijah.<\/p>\n<p>Svojo izbiro lahko kadar koli spremenite s klikom na <b>Nastavitve pi\u0161kotkov<\/b> na dnu strani.<\/p>\n<p><b>(b) Prek nastavitev brskalnika<br \/><\/b><\/p>\n<p>Ve\u010dina brskalnikov omogo\u010da, da:<br \/>\u2013 pregledate in izbri\u0161ete shranjene pi\u0161kotke,<br \/>\u2013 blokirate vse pi\u0161kotke ali samo dolo\u010dene,<br \/>\u2013 nastavite brisanje pi\u0161kotkov ob zaprtju brskalnika.<\/p>\n<p>Prosimo, upo\u0161tevajte, da lahko blokiranje ali brisanje pi\u0161kotkov vpliva na delovanje spletne strani.<\/p>\n<p>Za ve\u010d informacij preverite pomo\u010d svojega brskalnika (Chrome, Firefox, Safari, Edge itd.).<\/p>\n<p>[\/et_pb_text][\/et_pb_column][\/et_pb_row][et_pb_row _builder_version=&#8221;4.27.0&#8243; custom_margin=&#8221;40px||40px||false|false&#8221; custom_padding=&#8221;||||false|false&#8221; global_colors_info=&#8221;{}&#8221;][et_pb_column type=&#8221;4_4&#8243; _builder_version=&#8221;4.16&#8243; global_colors_info=&#8221;{}&#8221;][et_pb_heading title=&#8221;6. Pi\u0161kotki, ki se uporabljajo na tej spletni strani&#8221; _builder_version=&#8221;4.27.0&#8243; _module_preset=&#8221;default&#8221; title_level=&#8221;h4&#8243; title_font=&#8221;|||on|||||&#8221; title_text_color=&#8221;#1C455E&#8221; hover_enabled=&#8221;0&#8243; global_colors_info=&#8221;{}&#8221; sticky_enabled=&#8221;0&#8243;][\/et_pb_heading][et_pb_text _builder_version=&#8221;4.27.0&#8243; text_font=&#8221;Montserrat||||||||&#8221; text_text_color=&#8221;#1c455e&#8221; hover_enabled=&#8221;0&#8243; global_colors_info=&#8221;{}&#8221; sticky_enabled=&#8221;0&#8243;]<\/p>\n<p>Seznam pi\u0161kotkov, ki se uporabljajo na<a href=\"http:\/\/www.ultratrail.si\"> <b>www.ultratrail.si<\/b><\/a> (ime, ponudnik, namen, trajanje in kategorija), je na voljo v <b>pasici s pi\u0161kotki<\/b> ali v panelu <b>Nastavitve pi\u0161kotkov<\/b>.<\/p>\n<p>Ker se lahko pi\u0161kotki ob\u010dasno spremenijo (npr. ob uvedbi novih storitev), se seznam samodejno posodablja prek na\u0161ega sistema za upravljanje soglasij.<\/p>\n<p>[\/et_pb_text][\/et_pb_column][\/et_pb_row][et_pb_row _builder_version=&#8221;4.27.0&#8243; custom_margin=&#8221;40px||40px||false|false&#8221; custom_padding=&#8221;||||false|false&#8221; global_colors_info=&#8221;{}&#8221;][et_pb_column type=&#8221;4_4&#8243; _builder_version=&#8221;4.16&#8243; global_colors_info=&#8221;{}&#8221;][et_pb_heading title=&#8221;7. Pi\u0161kotki tretjih oseb in prenosi podatkov&#8221; _builder_version=&#8221;4.27.0&#8243; _module_preset=&#8221;default&#8221; title_level=&#8221;h4&#8243; title_font=&#8221;|||on|||||&#8221; title_text_color=&#8221;#1C455E&#8221; hover_enabled=&#8221;0&#8243; global_colors_info=&#8221;{}&#8221; sticky_enabled=&#8221;0&#8243;][\/et_pb_heading][et_pb_text _builder_version=&#8221;4.27.0&#8243; text_font=&#8221;Montserrat||||||||&#8221; text_text_color=&#8221;#1c455e&#8221; hover_enabled=&#8221;0&#8243; global_colors_info=&#8221;{}&#8221; sticky_enabled=&#8221;0&#8243;]<\/p>\n<p>Nekateri pi\u0161kotki so name\u0161\u010deni s strani ponudnikov tretjih oseb (analiti\u010dna orodja, dru\u017ebena omre\u017eja, ogla\u0161evalska omre\u017eja). Ti ponudniki lahko obdelujejo podatke tudi zunaj dr\u017eav EU\/EGP.<\/p>\n<p>V tak\u0161nih primerih se prenosi podatkov izvajajo le ob obstoju ustreznih za\u0161\u010ditnih ukrepov v skladu z GDPR (npr. standardne pogodbene klavzule ali sklepi o ustreznosti).<\/p>\n<p>Podrobnej\u0161e informacije o obdelavi podatkov s strani tretjih oseb so na voljo v njihovih politikah zasebnosti in pi\u0161kotkov.<\/p>\n<p>[\/et_pb_text][\/et_pb_column][\/et_pb_row][et_pb_row _builder_version=&#8221;4.27.0&#8243; custom_margin=&#8221;40px||40px||false|false&#8221; custom_padding=&#8221;||||false|false&#8221; global_colors_info=&#8221;{}&#8221;][et_pb_column type=&#8221;4_4&#8243; _builder_version=&#8221;4.16&#8243; global_colors_info=&#8221;{}&#8221;][et_pb_heading title=&#8221;8. Spremembe te politike pi\u0161kotkov&#8221; _builder_version=&#8221;4.27.0&#8243; _module_preset=&#8221;default&#8221; title_level=&#8221;h4&#8243; title_font=&#8221;|||on|||||&#8221; title_text_color=&#8221;#1C455E&#8221; hover_enabled=&#8221;0&#8243; global_colors_info=&#8221;{}&#8221; sticky_enabled=&#8221;0&#8243;][\/et_pb_heading][et_pb_text _builder_version=&#8221;4.27.0&#8243; text_font=&#8221;Montserrat||||||||&#8221; text_text_color=&#8221;#1c455e&#8221; hover_enabled=&#8221;0&#8243; global_colors_info=&#8221;{}&#8221; sticky_enabled=&#8221;0&#8243;]<\/p>\n<p>To Politiko pi\u0161kotkov lahko ob\u010dasno posodobimo, na primer zaradi sprememb zakonodaje ali uporabe novih pi\u0161kotkov.<\/p>\n<p>Aktualna verzija bo vedno na voljo na<a href=\"http:\/\/www.ultratrail.si\"> <b>www.ultratrail.si<\/b><\/a> in bo vsebovala datum zadnje posodobitve.<\/p>\n<p>\u010ce imate kakr\u0161nakoli vpra\u0161anja v zvezi s pi\u0161kotki ali varstvom podatkov na na\u0161i spletni strani, nas lahko kontaktirate na:<b>info@ultratrail.si<\/b><\/p>\n<p>[\/et_pb_text][\/et_pb_column][\/et_pb_row][\/et_pb_section]<\/p>\n","protected":false},"excerpt":{"rendered":"<p>POLITIKA PI\u0160KOTKOVPi\u0161kotki so majhne datoteke, ki jih spletne strani shranijo na va\u0161o napravo (ra\u010dunalnik, tablico ali telefon) ob obisku spletnega mesta. Omogo\u010dajo, da spletna stran prepozna va\u0161o napravo in si zapomni dolo\u010dene informacije, kot so jezikovne nastavitve ali ogledane vsebine. Pi\u0161kotke in podobne tehnologije uporabljamo v skladu z Splo\u0161no uredbo o varstvu podatkov (GDPR), Zakonom [&hellip;]<\/p>\n","protected":false},"author":1,"featured_media":0,"parent":0,"menu_order":0,"comment_status":"closed","ping_status":"closed","template":"","meta":{"_et_pb_use_builder":"on","_et_pb_old_content":"","_et_gb_content_width":"","inline_featured_image":false},"acf":[],"yoast_head":"<!-- This site is optimized with the Yoast SEO plugin v20.12 - https:\/\/yoast.com\/wordpress\/plugins\/seo\/ -->\n<title>Politika pi\u0161kotkov - Ultra Trail Vipava Valley - Slovenia<\/title>\n<meta name=\"robots\" content=\"index, follow, max-snippet:-1, max-image-preview:large, max-video-preview:-1\" \/>\n<link rel=\"canonical\" href=\"https:\/\/ultratrail.si\/sl\/politika-piskotkov\/\" \/>\n<meta property=\"og:locale\" content=\"sl_SI\" \/>\n<meta property=\"og:type\" content=\"article\" \/>\n<meta property=\"og:title\" content=\"Politika pi\u0161kotkov - Ultra Trail Vipava Valley - Slovenia\" \/>\n<meta property=\"og:description\" content=\"POLITIKA PI\u0160KOTKOVPi\u0161kotki so majhne datoteke, ki jih spletne strani shranijo na va\u0161o napravo (ra\u010dunalnik, tablico ali telefon) ob obisku spletnega mesta. Omogo\u010dajo, da spletna stran prepozna va\u0161o napravo in si zapomni dolo\u010dene informacije, kot so jezikovne nastavitve ali ogledane vsebine. Pi\u0161kotke in podobne tehnologije uporabljamo v skladu z Splo\u0161no uredbo o varstvu podatkov (GDPR), Zakonom [&hellip;]\" \/>\n<meta property=\"og:url\" content=\"https:\/\/ultratrail.si\/sl\/politika-piskotkov\/\" \/>\n<meta property=\"og:site_name\" content=\"Ultra Trail Vipava Valley - Slovenia\" \/>\n<meta property=\"article:modified_time\" content=\"2025-12-17T08:37:52+00:00\" \/>\n<meta name=\"twitter:card\" content=\"summary_large_image\" \/>\n<meta name=\"twitter:label1\" content=\"Est. reading time\" \/>\n\t<meta name=\"twitter:data1\" content=\"8 minut\" \/>\n<script type=\"application\/ld+json\" class=\"yoast-schema-graph\">{\"@context\":\"https:\/\/schema.org\",\"@graph\":[{\"@type\":\"WebPage\",\"@id\":\"https:\/\/ultratrail.si\/sl\/politika-piskotkov\/\",\"url\":\"https:\/\/ultratrail.si\/sl\/politika-piskotkov\/\",\"name\":\"Politika pi\u0161kotkov - Ultra Trail Vipava Valley - Slovenia\",\"isPartOf\":{\"@id\":\"https:\/\/ultratrail.si\/sl\/#website\"},\"datePublished\":\"2025-12-04T09:03:11+00:00\",\"dateModified\":\"2025-12-17T08:37:52+00:00\",\"breadcrumb\":{\"@id\":\"https:\/\/ultratrail.si\/sl\/politika-piskotkov\/#breadcrumb\"},\"inLanguage\":\"sl-SI\",\"potentialAction\":[{\"@type\":\"ReadAction\",\"target\":[\"https:\/\/ultratrail.si\/sl\/politika-piskotkov\/\"]}]},{\"@type\":\"BreadcrumbList\",\"@id\":\"https:\/\/ultratrail.si\/sl\/politika-piskotkov\/#breadcrumb\",\"itemListElement\":[{\"@type\":\"ListItem\",\"position\":1,\"name\":\"Home\",\"item\":\"https:\/\/ultratrail.si\/sl\/\"},{\"@type\":\"ListItem\",\"position\":2,\"name\":\"Politika pi\u0161kotkov\"}]},{\"@type\":\"WebSite\",\"@id\":\"https:\/\/ultratrail.si\/sl\/#website\",\"url\":\"https:\/\/ultratrail.si\/sl\/\",\"name\":\"Ultra Trail Vipava Valley - Slovenia\",\"description\":\"Ultra Trail Vipava Valley\",\"potentialAction\":[{\"@type\":\"SearchAction\",\"target\":{\"@type\":\"EntryPoint\",\"urlTemplate\":\"https:\/\/ultratrail.si\/sl\/?s={search_term_string}\"},\"query-input\":\"required name=search_term_string\"}],\"inLanguage\":\"sl-SI\"}]}<\/script>\n<!-- \/ Yoast SEO plugin. -->","yoast_head_json":{"title":"Politika pi\u0161kotkov - Ultra Trail Vipava Valley - Slovenia","robots":{"index":"index","follow":"follow","max-snippet":"max-snippet:-1","max-image-preview":"max-image-preview:large","max-video-preview":"max-video-preview:-1"},"canonical":"https:\/\/ultratrail.si\/sl\/politika-piskotkov\/","og_locale":"sl_SI","og_type":"article","og_title":"Politika pi\u0161kotkov - Ultra Trail Vipava Valley - Slovenia","og_description":"POLITIKA PI\u0160KOTKOVPi\u0161kotki so majhne datoteke, ki jih spletne strani shranijo na va\u0161o napravo (ra\u010dunalnik, tablico ali telefon) ob obisku spletnega mesta. Omogo\u010dajo, da spletna stran prepozna va\u0161o napravo in si zapomni dolo\u010dene informacije, kot so jezikovne nastavitve ali ogledane vsebine. Pi\u0161kotke in podobne tehnologije uporabljamo v skladu z Splo\u0161no uredbo o varstvu podatkov (GDPR), Zakonom [&hellip;]","og_url":"https:\/\/ultratrail.si\/sl\/politika-piskotkov\/","og_site_name":"Ultra Trail Vipava Valley - Slovenia","article_modified_time":"2025-12-17T08:37:52+00:00","twitter_card":"summary_large_image","twitter_misc":{"Est. reading time":"8 minut"},"schema":{"@context":"https:\/\/schema.org","@graph":[{"@type":"WebPage","@id":"https:\/\/ultratrail.si\/sl\/politika-piskotkov\/","url":"https:\/\/ultratrail.si\/sl\/politika-piskotkov\/","name":"Politika pi\u0161kotkov - Ultra Trail Vipava Valley - Slovenia","isPartOf":{"@id":"https:\/\/ultratrail.si\/sl\/#website"},"datePublished":"2025-12-04T09:03:11+00:00","dateModified":"2025-12-17T08:37:52+00:00","breadcrumb":{"@id":"https:\/\/ultratrail.si\/sl\/politika-piskotkov\/#breadcrumb"},"inLanguage":"sl-SI","potentialAction":[{"@type":"ReadAction","target":["https:\/\/ultratrail.si\/sl\/politika-piskotkov\/"]}]},{"@type":"BreadcrumbList","@id":"https:\/\/ultratrail.si\/sl\/politika-piskotkov\/#breadcrumb","itemListElement":[{"@type":"ListItem","position":1,"name":"Home","item":"https:\/\/ultratrail.si\/sl\/"},{"@type":"ListItem","position":2,"name":"Politika pi\u0161kotkov"}]},{"@type":"WebSite","@id":"https:\/\/ultratrail.si\/sl\/#website","url":"https:\/\/ultratrail.si\/sl\/","name":"Ultra Trail Vipava Valley - Slovenia","description":"Ultra Trail Vipava Valley","potentialAction":[{"@type":"SearchAction","target":{"@type":"EntryPoint","urlTemplate":"https:\/\/ultratrail.si\/sl\/?s={search_term_string}"},"query-input":"required name=search_term_string"}],"inLanguage":"sl-SI"}]}},"_links":{"self":[{"href":"https:\/\/ultratrail.si\/sl\/wp-json\/wp\/v2\/pages\/244751"}],"collection":[{"href":"https:\/\/ultratrail.si\/sl\/wp-json\/wp\/v2\/pages"}],"about":[{"href":"https:\/\/ultratrail.si\/sl\/wp-json\/wp\/v2\/types\/page"}],"author":[{"embeddable":true,"href":"https:\/\/ultratrail.si\/sl\/wp-json\/wp\/v2\/users\/1"}],"replies":[{"embeddable":true,"href":"https:\/\/ultratrail.si\/sl\/wp-json\/wp\/v2\/comments?post=244751"}],"version-history":[{"count":8,"href":"https:\/\/ultratrail.si\/sl\/wp-json\/wp\/v2\/pages\/244751\/revisions"}],"predecessor-version":[{"id":244852,"href":"https:\/\/ultratrail.si\/sl\/wp-json\/wp\/v2\/pages\/244751\/revisions\/244852"}],"wp:attachment":[{"href":"https:\/\/ultratrail.si\/sl\/wp-json\/wp\/v2\/media?parent=244751"}],"curies":[{"name":"wp","href":"https:\/\/api.w.org\/{rel}","templated":true}]}}