{"id":244760,"date":"2025-12-04T09:44:06","date_gmt":"2025-12-04T09:44:06","guid":{"rendered":"https:\/\/ultratrail.si\/privacy-policy\/"},"modified":"2025-12-17T08:49:36","modified_gmt":"2025-12-17T08:49:36","slug":"privacy-policy","status":"publish","type":"page","link":"https:\/\/ultratrail.si\/sl\/privacy-policy\/","title":{"rendered":"Privacy policy"},"content":{"rendered":"<p>[et_pb_section fb_built=&#8221;1&#8243; admin_label=&#8221;Header&#8221; _builder_version=&#8221;4.20.2&#8243; use_background_color_gradient=&#8221;on&#8221; background_color_gradient_direction=&#8221;90deg&#8221; background_color_gradient_stops=&#8221;#242e42 0%|rgba(36,46,66,0.8) 61%&#8221; background_color_gradient_overlays_image=&#8221;on&#8221; background_color_gradient_start=&#8221;#242e42&#8243; background_color_gradient_end=&#8221;rgba(36,46,66,0.8)&#8221; background_color_gradient_end_position=&#8221;61%&#8221; background_image=&#8221;https:\/\/ultratrail.si\/wp-content\/uploads\/2023\/03\/emperor-6.jpg&#8221; height=&#8221;60vh&#8221; custom_padding=&#8221;||0px|||&#8221; locked=&#8221;off&#8221; global_colors_info=&#8221;{}&#8221;][et_pb_row _builder_version=&#8221;4.20.0&#8243; width=&#8221;100%&#8221; max_width=&#8221;none&#8221; custom_padding=&#8221;||||false|false&#8221; locked=&#8221;off&#8221; global_colors_info=&#8221;{}&#8221;][et_pb_column type=&#8221;4_4&#8243; _builder_version=&#8221;4.16&#8243; custom_padding=&#8221;|||&#8221; global_colors_info=&#8221;{}&#8221; custom_padding__hover=&#8221;|||&#8221;][et_pb_text _builder_version=&#8221;4.27.0&#8243; text_font_size=&#8221;18px&#8221; header_font=&#8221;|700|||||||&#8221; header_text_align=&#8221;center&#8221; header_text_color=&#8221;#ffffff&#8221; header_font_size=&#8221;55px&#8221; header_letter_spacing=&#8221;3px&#8221; header_2_font=&#8221;|800|||||||&#8221; custom_margin=&#8221;||0px||false|false&#8221; animation_style=&#8221;slide&#8221; animation_direction=&#8221;top&#8221; global_colors_info=&#8221;{}&#8221;]<\/p>\n<h1><b>POLITIKA ZASEBNOSTI<\/b><\/h1>\n<p>[\/et_pb_text][et_pb_divider color=&#8221;#aacc57&#8243; divider_weight=&#8221;5px&#8221; _builder_version=&#8221;4.20.2&#8243; width=&#8221;5%&#8221; module_alignment=&#8221;center&#8221; custom_margin=&#8221;22px||||false|false&#8221; animation_style=&#8221;slide&#8221; animation_direction=&#8221;bottom&#8221; global_colors_info=&#8221;{}&#8221;][\/et_pb_divider][\/et_pb_column][\/et_pb_row][\/et_pb_section][et_pb_section fb_built=&#8221;1&#8243; _builder_version=&#8221;4.27.0&#8243; _module_preset=&#8221;default&#8221; custom_padding=&#8221;||||false|false&#8221; global_colors_info=&#8221;{}&#8221;][et_pb_row _builder_version=&#8221;4.27.0&#8243; custom_margin=&#8221;40px||40px||false|false&#8221; custom_padding=&#8221;||||false|false&#8221; global_colors_info=&#8221;{}&#8221;][et_pb_column type=&#8221;4_4&#8243; _builder_version=&#8221;4.16&#8243; global_colors_info=&#8221;{}&#8221;][et_pb_heading title=&#8221;1. Upravljalec osebnih podatkov&#8221; _builder_version=&#8221;4.27.0&#8243; _module_preset=&#8221;default&#8221; title_level=&#8221;h4&#8243; title_font=&#8221;|||on|||||&#8221; title_text_color=&#8221;#1C455E&#8221; global_colors_info=&#8221;{}&#8221;][\/et_pb_heading][et_pb_text _builder_version=&#8221;4.27.0&#8243; text_font=&#8221;Montserrat||||||||&#8221; text_text_color=&#8221;#1c455e&#8221; global_colors_info=&#8221;{}&#8221;]<\/p>\n<p>Organizatorja dogodka <b>Ultra Trail Vipavska dolina I Feel Slovenia (UTVV I Feel Slovenia)<\/b> sta:<\/p>\n<ul>\n<li aria-level=\"1\"><b>Alpe Adria Adventurers d.o.o.<\/b><\/li>\n<li aria-level=\"1\"><b>\u0160portno dru\u0161tvo Ultra Trail Slovenia <\/b>(v nadaljevanju skupaj: <i>Organizator<\/i>).<\/li>\n<\/ul>\n<p>[\/et_pb_text][\/et_pb_column][\/et_pb_row][et_pb_row _builder_version=&#8221;4.27.0&#8243; custom_margin=&#8221;40px||40px||false|false&#8221; custom_padding=&#8221;||||false|false&#8221; global_colors_info=&#8221;{}&#8221;][et_pb_column type=&#8221;4_4&#8243; _builder_version=&#8221;4.16&#8243; global_colors_info=&#8221;{}&#8221;][et_pb_heading title=&#8221;2. Namen in pravna podlaga obdelave podatkov&#8221; _builder_version=&#8221;4.27.0&#8243; _module_preset=&#8221;default&#8221; title_level=&#8221;h4&#8243; title_font=&#8221;|||on|||||&#8221; title_text_color=&#8221;#1C455E&#8221; global_colors_info=&#8221;{}&#8221;][\/et_pb_heading][et_pb_text _builder_version=&#8221;4.27.0&#8243; text_font=&#8221;Montserrat||||||||&#8221; text_text_color=&#8221;#1c455e&#8221; global_colors_info=&#8221;{}&#8221;]<\/p>\n<p>Osebne podatke zbiramo in obdelujemo za naslednje namene:<\/p>\n<ul>\n<li aria-level=\"1\"><b>izvedba in organizacija dogodka<\/b>, vklju\u010dno z registracijo, obve\u0161\u010danjem in obdelavo rezultatov,\n<\/li>\n<li aria-level=\"1\"><b>izpolnjevanje pogodbenih in zakonskih obveznosti<\/b> (ra\u010dunovodstvo, varnost, zdravstvena pomo\u010d ipd.),\n<\/li>\n<li aria-level=\"1\"><b>komunikacija z udele\u017eenci<\/b>, partnerji in sponzorji,\n<\/li>\n<li aria-level=\"1\"><b>promocijski nameni<\/b>, \u010de je bila dana izrecna privolitev (npr. objava fotografij, e-novice),\n<\/li>\n<li aria-level=\"1\"><b>statisti\u010dna analiza in izbolj\u0161ava dogodka<\/b>, pri \u010demer se uporabljajo anonimizirani podatki.\n<\/li>\n<\/ul>\n<p>Pravna podlaga za obdelavo je:<\/p>\n<ul>\n<li aria-level=\"1\">izvedba pogodbe (udele\u017eba na dogodku),\n<\/li>\n<li aria-level=\"1\">zakoniti interes Organizatorja,\n<\/li>\n<\/ul>\n<p>izrecna privolitev posameznika (za prostovoljne dodatne obdelave, npr. prejemanje e-novic).<\/p>\n<p>[\/et_pb_text][\/et_pb_column][\/et_pb_row][et_pb_row _builder_version=&#8221;4.27.0&#8243; custom_margin=&#8221;40px||40px||false|false&#8221; custom_padding=&#8221;||||false|false&#8221; global_colors_info=&#8221;{}&#8221;][et_pb_column type=&#8221;4_4&#8243; _builder_version=&#8221;4.16&#8243; global_colors_info=&#8221;{}&#8221;][et_pb_heading title=&#8221;3. Vrste osebnih podatkov&#8221; _builder_version=&#8221;4.27.0&#8243; _module_preset=&#8221;default&#8221; title_level=&#8221;h4&#8243; title_font=&#8221;|||on|||||&#8221; title_text_color=&#8221;#1C455E&#8221; global_colors_info=&#8221;{}&#8221;][\/et_pb_heading][et_pb_text _builder_version=&#8221;4.27.0&#8243; text_font=&#8221;Montserrat||||||||&#8221; text_text_color=&#8221;#1c455e&#8221; global_colors_info=&#8221;{}&#8221;]<\/p>\n<p>Obdelujejo se naslednji podatki:<\/p>\n<ul>\n<li aria-level=\"1\">osnovni podatki (ime, priimek, spol, datum rojstva),<\/li>\n<li aria-level=\"1\">kontaktni podatki (e-po\u0161ta, telefon, naslov),<\/li>\n<li aria-level=\"1\">podatki o prijavi in rezultatih dogodka,<\/li>\n<li aria-level=\"1\">podatki o pla\u010dilih,<\/li>\n<li aria-level=\"1\">morebitni zdravstveni podatki, \u010de so nujni za varnost udele\u017eenca,<\/li>\n<li aria-level=\"1\">fotografije in video posnetki dogodka.<\/li>\n<\/ul>\n<p>[\/et_pb_text][\/et_pb_column][\/et_pb_row][et_pb_row _builder_version=&#8221;4.27.0&#8243; custom_margin=&#8221;40px||40px||false|false&#8221; custom_padding=&#8221;||||false|false&#8221; global_colors_info=&#8221;{}&#8221;][et_pb_column type=&#8221;4_4&#8243; _builder_version=&#8221;4.16&#8243; global_colors_info=&#8221;{}&#8221;][et_pb_heading title=&#8221;4. Hramba podatkov&#8221; _builder_version=&#8221;4.27.0&#8243; _module_preset=&#8221;default&#8221; title_level=&#8221;h4&#8243; title_font=&#8221;|||on|||||&#8221; title_text_color=&#8221;#1C455E&#8221; global_colors_info=&#8221;{}&#8221;][\/et_pb_heading][et_pb_text _builder_version=&#8221;4.27.0&#8243; text_font=&#8221;Montserrat||||||||&#8221; text_text_color=&#8221;#1c455e&#8221; global_colors_info=&#8221;{}&#8221;]<\/p>\n<p>Podatki se hranijo le toliko \u010dasa, kolikor je potrebno za namene, za katere so bili zbrani:<\/p>\n<ul>\n<li aria-level=\"1\">podatki o registraciji: do 3 leta po dogodku,<\/li>\n<li aria-level=\"1\">ra\u010dunovodski podatki: 10 let (v skladu z zakonodajo),<\/li>\n<li aria-level=\"1\">fotografije in promocijski materiali: do preklica soglasja.\n<\/li>\n<\/ul>\n<p>Po poteku rokov se podatki izbri\u0161ejo ali anonimizirajo.<\/p>\n<p>[\/et_pb_text][\/et_pb_column][\/et_pb_row][et_pb_row _builder_version=&#8221;4.27.0&#8243; custom_margin=&#8221;40px||40px||false|false&#8221; custom_padding=&#8221;||||false|false&#8221; global_colors_info=&#8221;{}&#8221;][et_pb_column type=&#8221;4_4&#8243; _builder_version=&#8221;4.16&#8243; global_colors_info=&#8221;{}&#8221;][et_pb_heading title=&#8221;5. Posredovanje podatkov&#8221; _builder_version=&#8221;4.27.0&#8243; _module_preset=&#8221;default&#8221; title_level=&#8221;h4&#8243; title_font=&#8221;|||on|||||&#8221; title_text_color=&#8221;#1C455E&#8221; global_colors_info=&#8221;{}&#8221;][\/et_pb_heading][et_pb_text _builder_version=&#8221;4.27.0&#8243; text_font=&#8221;Montserrat||||||||&#8221; text_text_color=&#8221;#1c455e&#8221; global_colors_info=&#8221;{}&#8221;]<\/p>\n<p>Dostop do podatkov imajo le poobla\u0161\u010dene osebe Organizatorja in njegovi pogodbeni obdelovalci (npr. ponudniki spletnih prijav, pla\u010dilnih storitev, varnostne in zdravstvene slu\u017ebe).<br \/>Podatki se <b>ne prena\u0161ajo v tretje dr\u017eave<\/b> ali mednarodne organizacije brez ustreznih za\u0161\u010ditnih ukrepov.<\/p>\n<p>[\/et_pb_text][\/et_pb_column][\/et_pb_row][et_pb_row _builder_version=&#8221;4.27.0&#8243; custom_margin=&#8221;40px||40px||false|false&#8221; custom_padding=&#8221;||||false|false&#8221; global_colors_info=&#8221;{}&#8221;][et_pb_column type=&#8221;4_4&#8243; _builder_version=&#8221;4.16&#8243; global_colors_info=&#8221;{}&#8221;][et_pb_heading title=&#8221;6. Pi\u0161kotki (Cookies)&#8221; _builder_version=&#8221;4.27.0&#8243; _module_preset=&#8221;default&#8221; title_level=&#8221;h4&#8243; title_font=&#8221;|||on|||||&#8221; title_text_color=&#8221;#1C455E&#8221; global_colors_info=&#8221;{}&#8221;][\/et_pb_heading][et_pb_text _builder_version=&#8221;4.27.0&#8243; text_font=&#8221;Montserrat||||||||&#8221; text_text_color=&#8221;#1c455e&#8221; global_colors_info=&#8221;{}&#8221;]<\/p>\n<p>Spletna stran<a href=\"http:\/\/www.ultratrail.si\"> <b>www.ultratrail.si<\/b><\/a> uporablja pi\u0161kotke za:<\/p>\n<ul>\n<li aria-level=\"1\">osnovno delovanje spletne strani (nujni pi\u0161kotki),<\/li>\n<li aria-level=\"1\">analizo obiska in delovanje spletne analitike (npr. Google Analytics),<\/li>\n<li aria-level=\"1\">ogla\u0161evalske in dru\u017ebene vti\u010dnike (\u010de je to omogo\u010deno).\n<\/li>\n<\/ul>\n<p>Uporabnik ob prvem obisku strani izbere, katere vrste pi\u0161kotkov dovoljuje.<br \/>Privolitev lahko kadarkoli spremeni ali prekli\u010de v nastavitvah brskalnika ali preko obvestila o pi\u0161kotkih.<\/p>\n<p>Ve\u010d informacij o posameznih pi\u0161kotkih je na voljo v obvestilu o pi\u0161kotkih na spletni strani.<\/p>\n<p>[\/et_pb_text][\/et_pb_column][\/et_pb_row][et_pb_row _builder_version=&#8221;4.27.0&#8243; custom_margin=&#8221;40px||40px||false|false&#8221; custom_padding=&#8221;||||false|false&#8221; global_colors_info=&#8221;{}&#8221;][et_pb_column type=&#8221;4_4&#8243; _builder_version=&#8221;4.16&#8243; global_colors_info=&#8221;{}&#8221;][et_pb_heading title=&#8221;7. Pravice posameznikov&#8221; _builder_version=&#8221;4.27.0&#8243; _module_preset=&#8221;default&#8221; title_level=&#8221;h4&#8243; title_font=&#8221;|||on|||||&#8221; title_text_color=&#8221;#1C455E&#8221; global_colors_info=&#8221;{}&#8221;][\/et_pb_heading][et_pb_text _builder_version=&#8221;4.27.0&#8243; text_font=&#8221;Montserrat||||||||&#8221; text_text_color=&#8221;#1c455e&#8221; global_colors_info=&#8221;{}&#8221;]<\/p>\n<p>Vsak posameznik ima pravico:<\/p>\n<ul>\n<li aria-level=\"1\">do dostopa do svojih osebnih podatkov,<\/li>\n<li aria-level=\"1\">do popravka ali dopolnitve podatkov,<\/li>\n<li aria-level=\"1\">do izbrisa (\u201cpravica do pozabe\u201d),<\/li>\n<li aria-level=\"1\">do omejitve obdelave,<\/li>\n<li aria-level=\"1\">do ugovora obdelavi,<\/li>\n<li aria-level=\"1\">do prenosljivosti podatkov,<\/li>\n<li aria-level=\"1\">do preklica soglasja, kadar je obdelava utemeljena na privolitvi.\n<\/li>\n<\/ul>\n<p>Zahtevo za uveljavljanje pravic lahko po\u0161ljete na: <b>info@ultratrail.si<\/b>.<\/p>\n<p>[\/et_pb_text][\/et_pb_column][\/et_pb_row][et_pb_row _builder_version=&#8221;4.27.0&#8243; custom_margin=&#8221;40px||40px||false|false&#8221; custom_padding=&#8221;||||false|false&#8221; global_colors_info=&#8221;{}&#8221;][et_pb_column type=&#8221;4_4&#8243; _builder_version=&#8221;4.16&#8243; global_colors_info=&#8221;{}&#8221;][et_pb_heading title=&#8221;8. Varnost osebnih podatkov&#8221; _builder_version=&#8221;4.27.0&#8243; _module_preset=&#8221;default&#8221; title_level=&#8221;h4&#8243; title_font=&#8221;|||on|||||&#8221; title_text_color=&#8221;#1C455E&#8221; global_colors_info=&#8221;{}&#8221;][\/et_pb_heading][et_pb_text _builder_version=&#8221;4.27.0&#8243; text_font=&#8221;Montserrat||||||||&#8221; text_text_color=&#8221;#1c455e&#8221; global_colors_info=&#8221;{}&#8221;]<\/p>\n<p>Organizator izvaja ustrezne tehni\u010dne in organizacijske ukrepe za za\u0161\u010dito osebnih podatkov pred izgubo, zlorabo, nepoobla\u0161\u010denim dostopom ali razkritjem.<\/p>\n<p>[\/et_pb_text][\/et_pb_column][\/et_pb_row][et_pb_row _builder_version=&#8221;4.27.0&#8243; custom_margin=&#8221;40px||40px||false|false&#8221; custom_padding=&#8221;||||false|false&#8221; global_colors_info=&#8221;{}&#8221;][et_pb_column type=&#8221;4_4&#8243; _builder_version=&#8221;4.16&#8243; global_colors_info=&#8221;{}&#8221;][et_pb_heading title=&#8221;9. Fotografije in video posnetki&#8221; _builder_version=&#8221;4.27.0&#8243; _module_preset=&#8221;default&#8221; title_level=&#8221;h4&#8243; title_font=&#8221;|||on|||||&#8221; title_text_color=&#8221;#1C455E&#8221; global_colors_info=&#8221;{}&#8221;][\/et_pb_heading][et_pb_text _builder_version=&#8221;4.27.0&#8243; text_font=&#8221;Montserrat||||||||&#8221; text_text_color=&#8221;#1c455e&#8221; global_colors_info=&#8221;{}&#8221;]<\/p>\n<p>S prijavo na dogodek se teka\u010dice in teka\u010di <b>strinjajo z uporabo foto in video materiala, posnetega na tekmi, v promocijske namene<\/b> Organizatorja, partnerjev in sponzorjev dogodka (objava na spletnih straneh, dru\u017ebenih omre\u017ejih, tiskovinah in drugih promocijskih materialih).<\/p>\n<p>[\/et_pb_text][\/et_pb_column][\/et_pb_row][et_pb_row _builder_version=&#8221;4.27.0&#8243; custom_margin=&#8221;40px||40px||false|false&#8221; custom_padding=&#8221;||||false|false&#8221; global_colors_info=&#8221;{}&#8221;][et_pb_column type=&#8221;4_4&#8243; _builder_version=&#8221;4.16&#8243; global_colors_info=&#8221;{}&#8221;][et_pb_heading title=&#8221;10. Spremembe politike zasebnosti&#8221; _builder_version=&#8221;4.27.0&#8243; _module_preset=&#8221;default&#8221; title_level=&#8221;h4&#8243; title_font=&#8221;|||on|||||&#8221; title_text_color=&#8221;#1C455E&#8221; global_colors_info=&#8221;{}&#8221;][\/et_pb_heading][et_pb_text _builder_version=&#8221;4.27.0&#8243; text_font=&#8221;Montserrat||||||||&#8221; text_text_color=&#8221;#1c455e&#8221; global_colors_info=&#8221;{}&#8221;]<\/p>\n<p>Organizator si pridr\u017euje pravico do spremembe te politike zasebnosti v skladu z zakonodajo ali spremembami delovanja dogodka.<\/p>\n<p>Posodobljena razli\u010dica bo vedno objavljena na spletni strani<a href=\"http:\/\/www.ultratrail.si\"> <b>www.ultratrail.si<\/b><\/a>.<\/p>\n<p>[\/et_pb_text][\/et_pb_column][\/et_pb_row][\/et_pb_section]<\/p>\n","protected":false},"excerpt":{"rendered":"<p>POLITIKA ZASEBNOSTIOrganizatorja dogodka Ultra Trail Vipavska dolina I Feel Slovenia (UTVV I Feel Slovenia) sta: Alpe Adria Adventurers d.o.o. \u0160portno dru\u0161tvo Ultra Trail Slovenia (v nadaljevanju skupaj: Organizator). Osebne podatke zbiramo in obdelujemo za naslednje namene: izvedba in organizacija dogodka, vklju\u010dno z registracijo, obve\u0161\u010danjem in obdelavo rezultatov, izpolnjevanje pogodbenih in zakonskih obveznosti (ra\u010dunovodstvo, varnost, zdravstvena [&hellip;]<\/p>\n","protected":false},"author":1,"featured_media":0,"parent":0,"menu_order":0,"comment_status":"closed","ping_status":"closed","template":"","meta":{"_et_pb_use_builder":"on","_et_pb_old_content":"","_et_gb_content_width":"","inline_featured_image":false},"acf":[],"yoast_head":"<!-- This site is optimized with the Yoast SEO plugin v20.12 - https:\/\/yoast.com\/wordpress\/plugins\/seo\/ -->\n<title>Privacy policy - Ultra Trail Vipava Valley - Slovenia<\/title>\n<meta name=\"robots\" content=\"index, follow, max-snippet:-1, max-image-preview:large, max-video-preview:-1\" \/>\n<link rel=\"canonical\" href=\"https:\/\/ultratrail.si\/sl\/privacy-policy\/\" \/>\n<meta property=\"og:locale\" content=\"sl_SI\" \/>\n<meta property=\"og:type\" content=\"article\" \/>\n<meta property=\"og:title\" content=\"Privacy policy - Ultra Trail Vipava Valley - Slovenia\" \/>\n<meta property=\"og:description\" content=\"POLITIKA ZASEBNOSTIOrganizatorja dogodka Ultra Trail Vipavska dolina I Feel Slovenia (UTVV I Feel Slovenia) sta: Alpe Adria Adventurers d.o.o. \u0160portno dru\u0161tvo Ultra Trail Slovenia (v nadaljevanju skupaj: Organizator). Osebne podatke zbiramo in obdelujemo za naslednje namene: izvedba in organizacija dogodka, vklju\u010dno z registracijo, obve\u0161\u010danjem in obdelavo rezultatov, izpolnjevanje pogodbenih in zakonskih obveznosti (ra\u010dunovodstvo, varnost, zdravstvena [&hellip;]\" \/>\n<meta property=\"og:url\" content=\"https:\/\/ultratrail.si\/sl\/privacy-policy\/\" \/>\n<meta property=\"og:site_name\" content=\"Ultra Trail Vipava Valley - Slovenia\" \/>\n<meta property=\"article:modified_time\" content=\"2025-12-17T08:49:36+00:00\" \/>\n<meta name=\"twitter:card\" content=\"summary_large_image\" \/>\n<meta name=\"twitter:label1\" content=\"Est. reading time\" \/>\n\t<meta name=\"twitter:data1\" content=\"7 minut\" \/>\n<script type=\"application\/ld+json\" class=\"yoast-schema-graph\">{\"@context\":\"https:\/\/schema.org\",\"@graph\":[{\"@type\":\"WebPage\",\"@id\":\"https:\/\/ultratrail.si\/sl\/privacy-policy\/\",\"url\":\"https:\/\/ultratrail.si\/sl\/privacy-policy\/\",\"name\":\"Privacy policy - Ultra Trail Vipava Valley - Slovenia\",\"isPartOf\":{\"@id\":\"https:\/\/ultratrail.si\/sl\/#website\"},\"datePublished\":\"2025-12-04T09:44:06+00:00\",\"dateModified\":\"2025-12-17T08:49:36+00:00\",\"breadcrumb\":{\"@id\":\"https:\/\/ultratrail.si\/sl\/privacy-policy\/#breadcrumb\"},\"inLanguage\":\"sl-SI\",\"potentialAction\":[{\"@type\":\"ReadAction\",\"target\":[\"https:\/\/ultratrail.si\/sl\/privacy-policy\/\"]}]},{\"@type\":\"BreadcrumbList\",\"@id\":\"https:\/\/ultratrail.si\/sl\/privacy-policy\/#breadcrumb\",\"itemListElement\":[{\"@type\":\"ListItem\",\"position\":1,\"name\":\"Home\",\"item\":\"https:\/\/ultratrail.si\/sl\/\"},{\"@type\":\"ListItem\",\"position\":2,\"name\":\"Privacy policy\"}]},{\"@type\":\"WebSite\",\"@id\":\"https:\/\/ultratrail.si\/sl\/#website\",\"url\":\"https:\/\/ultratrail.si\/sl\/\",\"name\":\"Ultra Trail Vipava Valley - Slovenia\",\"description\":\"Ultra Trail Vipava Valley\",\"potentialAction\":[{\"@type\":\"SearchAction\",\"target\":{\"@type\":\"EntryPoint\",\"urlTemplate\":\"https:\/\/ultratrail.si\/sl\/?s={search_term_string}\"},\"query-input\":\"required name=search_term_string\"}],\"inLanguage\":\"sl-SI\"}]}<\/script>\n<!-- \/ Yoast SEO plugin. -->","yoast_head_json":{"title":"Privacy policy - Ultra Trail Vipava Valley - Slovenia","robots":{"index":"index","follow":"follow","max-snippet":"max-snippet:-1","max-image-preview":"max-image-preview:large","max-video-preview":"max-video-preview:-1"},"canonical":"https:\/\/ultratrail.si\/sl\/privacy-policy\/","og_locale":"sl_SI","og_type":"article","og_title":"Privacy policy - Ultra Trail Vipava Valley - Slovenia","og_description":"POLITIKA ZASEBNOSTIOrganizatorja dogodka Ultra Trail Vipavska dolina I Feel Slovenia (UTVV I Feel Slovenia) sta: Alpe Adria Adventurers d.o.o. \u0160portno dru\u0161tvo Ultra Trail Slovenia (v nadaljevanju skupaj: Organizator). Osebne podatke zbiramo in obdelujemo za naslednje namene: izvedba in organizacija dogodka, vklju\u010dno z registracijo, obve\u0161\u010danjem in obdelavo rezultatov, izpolnjevanje pogodbenih in zakonskih obveznosti (ra\u010dunovodstvo, varnost, zdravstvena [&hellip;]","og_url":"https:\/\/ultratrail.si\/sl\/privacy-policy\/","og_site_name":"Ultra Trail Vipava Valley - Slovenia","article_modified_time":"2025-12-17T08:49:36+00:00","twitter_card":"summary_large_image","twitter_misc":{"Est. reading time":"7 minut"},"schema":{"@context":"https:\/\/schema.org","@graph":[{"@type":"WebPage","@id":"https:\/\/ultratrail.si\/sl\/privacy-policy\/","url":"https:\/\/ultratrail.si\/sl\/privacy-policy\/","name":"Privacy policy - Ultra Trail Vipava Valley - Slovenia","isPartOf":{"@id":"https:\/\/ultratrail.si\/sl\/#website"},"datePublished":"2025-12-04T09:44:06+00:00","dateModified":"2025-12-17T08:49:36+00:00","breadcrumb":{"@id":"https:\/\/ultratrail.si\/sl\/privacy-policy\/#breadcrumb"},"inLanguage":"sl-SI","potentialAction":[{"@type":"ReadAction","target":["https:\/\/ultratrail.si\/sl\/privacy-policy\/"]}]},{"@type":"BreadcrumbList","@id":"https:\/\/ultratrail.si\/sl\/privacy-policy\/#breadcrumb","itemListElement":[{"@type":"ListItem","position":1,"name":"Home","item":"https:\/\/ultratrail.si\/sl\/"},{"@type":"ListItem","position":2,"name":"Privacy policy"}]},{"@type":"WebSite","@id":"https:\/\/ultratrail.si\/sl\/#website","url":"https:\/\/ultratrail.si\/sl\/","name":"Ultra Trail Vipava Valley - Slovenia","description":"Ultra Trail Vipava Valley","potentialAction":[{"@type":"SearchAction","target":{"@type":"EntryPoint","urlTemplate":"https:\/\/ultratrail.si\/sl\/?s={search_term_string}"},"query-input":"required name=search_term_string"}],"inLanguage":"sl-SI"}]}},"_links":{"self":[{"href":"https:\/\/ultratrail.si\/sl\/wp-json\/wp\/v2\/pages\/244760"}],"collection":[{"href":"https:\/\/ultratrail.si\/sl\/wp-json\/wp\/v2\/pages"}],"about":[{"href":"https:\/\/ultratrail.si\/sl\/wp-json\/wp\/v2\/types\/page"}],"author":[{"embeddable":true,"href":"https:\/\/ultratrail.si\/sl\/wp-json\/wp\/v2\/users\/1"}],"replies":[{"embeddable":true,"href":"https:\/\/ultratrail.si\/sl\/wp-json\/wp\/v2\/comments?post=244760"}],"version-history":[{"count":6,"href":"https:\/\/ultratrail.si\/sl\/wp-json\/wp\/v2\/pages\/244760\/revisions"}],"predecessor-version":[{"id":244863,"href":"https:\/\/ultratrail.si\/sl\/wp-json\/wp\/v2\/pages\/244760\/revisions\/244863"}],"wp:attachment":[{"href":"https:\/\/ultratrail.si\/sl\/wp-json\/wp\/v2\/media?parent=244760"}],"curies":[{"name":"wp","href":"https:\/\/api.w.org\/{rel}","templated":true}]}}